{"id":410,"date":"2022-09-22T17:29:50","date_gmt":"2022-09-22T22:29:50","guid":{"rendered":"https:\/\/matematicas.reduaz.mx\/web\/?page_id=410"},"modified":"2022-09-22T17:29:51","modified_gmt":"2022-09-22T22:29:51","slug":"placido-hernandez-sanchez","status":"publish","type":"page","link":"https:\/\/matematicas.reduaz.mx\/web\/?page_id=410","title":{"rendered":"Pl\u00e1cido Hern\u00e1ndez S\u00e1nchez"},"content":{"rendered":"<style>.wp-block-kadence-column.kb-section-dir-horizontal > .kt-inside-inner-col > #kt-info-box_52ea55-74 .kt-blocks-info-box-link-wrap{max-width:unset;}#kt-info-box_52ea55-74 .kt-blocks-info-box-link-wrap{border-color:#336699;border-radius:20px;border-top-width:5px;border-right-width:5px;border-bottom-width:5px;border-left-width:5px;background:#ffffff;padding-top:24px;padding-right:24px;padding-bottom:24px;padding-left:24px;margin-top:50px;}#kt-info-box_52ea55-74 .kt-blocks-info-box-link-wrap:hover{border-color:#cc9933;background:#ffffff;}#kt-info-box_52ea55-74.wp-block-kadence-infobox{max-width:100%;}#kt-info-box_52ea55-74 .kadence-info-box-image-inner-intrisic-container{max-width:150px;}#kt-info-box_52ea55-74 .kadence-info-box-image-inner-intrisic-container .kadence-info-box-image-intrisic{padding-bottom:107.2%;width:250px;height:0px;max-width:100%;}#kt-info-box_52ea55-74 .kadence-info-box-icon-container .kt-info-svg-icon, #kt-info-box_52ea55-74 .kt-info-svg-icon-flip, #kt-info-box_52ea55-74 .kt-blocks-info-box-number{font-size:50px;}#kt-info-box_52ea55-74 .kt-blocks-info-box-media{color:#444444;background:#ffffff;border-color:#336699;border-radius:200px;overflow:hidden;border-top-width:5px;border-right-width:5px;border-bottom-width:5px;border-left-width:5px;padding-top:20px;padding-right:20px;padding-bottom:20px;padding-left:20px;}#kt-info-box_52ea55-74 .kt-blocks-info-box-media-container{margin-top:-75px;margin-right:0px;margin-bottom:20px;margin-left:0px;}#kt-info-box_52ea55-74 .kt-blocks-info-box-media .kadence-info-box-image-intrisic img{border-radius:200px;}#kt-info-box_52ea55-74 .kt-blocks-info-box-link-wrap:hover .kt-blocks-info-box-media{color:#444444;background:#ffffff;border-color:#cc9933;}#kt-info-box_52ea55-74 .kt-blocks-info-box-link-wrap .kt-blocks-info-box-media{border-width:0px;box-shadow:inset 0 0 0 5px #336699;}#kt-info-box_52ea55-74 .kt-blocks-info-box-link-wrap .kt-blocks-info-box-media:before, #kt-info-box_52ea55-74 .kt-blocks-info-box-link-wrap .kt-blocks-info-box-media:after{border-radius:200px;}#kt-info-box_52ea55-74 .kt-blocks-info-box-link-wrap .kt-blocks-info-box-media:before{border-width:5px;}#kt-info-box_52ea55-74 .kt-blocks-info-box-link-wrap:hover .kt-blocks-info-box-media:after{border-right-color:#cc9933;border-right-width:5px;border-top-width:5px;border-bottom-width:5px;}#kt-info-box_52ea55-74 .kt-blocks-info-box-link-wrap:hover .kt-blocks-info-box-media:before{border-top-color:#cc9933;border-right-color:#cc9933;border-bottom-color:#cc9933;}#kt-info-box_52ea55-74 .kt-infobox-textcontent h3.kt-blocks-info-box-title{padding-top:0px;padding-right:0px;padding-bottom:0px;padding-left:0px;margin-top:5px;margin-right:0px;margin-bottom:10px;margin-left:0px;}#kt-info-box_52ea55-74 .kt-blocks-info-box-learnmore{background:transparent;border-width:0px 0px 0px 0px;padding-top:4px;padding-right:8px;padding-bottom:4px;padding-left:8px;margin-top:10px;margin-right:0px;margin-bottom:10px;margin-left:0px;}<\/style>\n<div id=\"kt-info-box_52ea55-74\" class=\"wp-block-kadence-infobox\"><a class=\"kt-blocks-info-box-link-wrap info-box-link kt-blocks-info-box-media-align-top kt-info-halign-center\"><div class=\"kt-blocks-info-box-media-container\"><div class=\"kt-blocks-info-box-media kt-info-media-animate-drawborder\"><div class=\"kadence-info-box-image-inner-intrisic-container\"><div class=\"kadence-info-box-image-intrisic kt-info-animate-drawborder\"><div class=\"kadence-info-box-image-inner-intrisic\"><img loading=\"lazy\" decoding=\"async\" src=\"https:\/\/matematicas.reduaz.mx\/web\/wp-content\/uploads\/2022\/09\/placido.png\" alt=\"Pl\u00e1cido\" width=\"250\" height=\"268\" class=\"kt-info-box-image wp-image-411\"\/><\/div><\/div><\/div><\/div><\/div><div class=\"kt-infobox-textcontent\"><h3 class=\"kt-blocks-info-box-title\">Doctor en Ciencias con Especialidad en Matem\u00e1tica Educativa<\/h3><p class=\"kt-blocks-info-box-text\">Docente-Investigador de la Unidad Acad\u00e9mica de Matem\u00e1ticas. Es Licenciado en Matem\u00e1ticas y Maestro en Matem\u00e1tica Educativa por la Universidad Aut\u00f3noma de Zacatecas, es Doctor en Ciencias con Especialidad en Matem\u00e1tica Educativa.<br\/><br\/>Cuenta con 28 a\u00f1os de experiencia docente en el nivel bachillerato, 4 a\u00f1os como docente en las \u00e1reas de arquitectura y dise\u00f1o gr\u00e1fico en la Universidad Aut\u00f3noma de Durango Campus Zacatecas, 4 a\u00f1os formando, actualizando y perfeccionando los conocimientos, habilidades y actitudes del personal de las empresas en el Instituto de Capacitaci\u00f3n de la Industria de la Construcci\u00f3n de la CMIC, Delegaci\u00f3n Zacatecas, 8 a\u00f1os en el nivel superior formando Maestros en Matem\u00e1tica Educativa y 8 a\u00f1os como divulgador de la ciencia. Diez a\u00f1os como Jefe del Departamento de Investigaci\u00f3n y desarrollo del Centro Interactivo de Ciencia y Tecnolog\u00eda de Zacatecas (Zigzag), desarrollando situaciones de divulgaci\u00f3n cient\u00edfica para la ense\u00f1anza de la ciencia en Museos y Centros de Ciencia y Tecnolog\u00eda. Ha participado en Diplomados, Seminarios y Talleres de Educaci\u00f3n continua en el \u00e1rea de la ense\u00f1anza y el aprendizaje de la Matem\u00e1tica en colaboraci\u00f3n con Docentes del Consejo Zacatecano de Ciencia, Tecnolog\u00eda e Innovaci\u00f3n, del Colegio de Bachilleres del Estado de Zacatecas, de la Direcci\u00f3n General del Bachillerato a nivel nacional, de la Escuela Normal Manuel \u00c1vila Camacho y de la ANPM en Zacatecas. Por 24 a\u00f1os ha colaborado como asesor en la Olimpiada Mexicana de Matem\u00e1ticas.<br\/><br\/>Tiene experiencia en el dise\u00f1o y transformaci\u00f3n curricular, participando como responsable del dise\u00f1o del programa de matem\u00e1ticas II para el nivel bachillerato a nivel nacional en la reforma del a\u00f1o 2003.<br\/>Ha participado como ponente y asistente a diversos eventos acad\u00e9micos regionales, nacionales e internacionales en las \u00e1reas de la Matem\u00e1tica Educativa y difusi\u00f3n y divulgaci\u00f3n de la ciencia. \u00a0Participa en colectivo con docentes de la Unidad en diferentes Seminarios dentro de la Disciplina como: el Seminario de Investigaci\u00f3n PROME en l\u00ednea organizado por el CICATA, el Seminario de Matem\u00e1tica Educativa organizado por la Universidad Aut\u00f3noma de Guerrero y el seminario:<br\/><br\/> \u201cIntercambio entre el Posgrado en Matem\u00e1tica Educativa de la Universidad Aut\u00f3noma de Guerrero y el Posgrado en Educaci\u00f3n Matem\u00e1tica de la Universidad de Los Lagos (Santiago de Chile).<br\/><br\/>Ha sido miembro del comit\u00e9 organizador de la Olimpiada Nacional de Matem\u00e1ticas, del Congreso Nacional de la Sociedad Matem\u00e1tica Mexicana, del Congreso Nacional de la Asociaci\u00f3n Nacional de Profesores de Ciencias Naturales, la XIV Escuela de Invierno de Matem\u00e1tica Educativa y del Primer Festival de Divulgaci\u00f3n de las Matem\u00e1ticas, todos celebrados en la ciudad de Zacatecas.<br\/><br\/>Es miembro del equipo fundador del Museo Interactivo e Itinerante de Matem\u00e1ticas de Zacatecas (MIIMaZ) del cual actualmente es el responsable desde 2003. Actualmente es subdirector de Recursos Humanos en Ciencia y Tecnolog\u00eda en el Consejo Zacatecano de Ciencia, Tecnolog\u00eda e Innovaci\u00f3n donde con un equipo multidisciplinario de becarios dise\u00f1a situaciones de divulgaci\u00f3n y ferias de ciencias que se ponen en marcha contextos altamente marginados. Sus l\u00edneas de investigaci\u00f3n son los usos del conocimiento matem\u00e1tico, especialmente en espacios de educaci\u00f3n no formal e informal; la ense\u00f1anza de la ciencia y el dise\u00f1o de prototipos did\u00e1cticos para la divulgaci\u00f3n de la ciencia.<\/p><\/div><\/a><\/div>\n","protected":false},"excerpt":{"rendered":"","protected":false},"author":1,"featured_media":0,"parent":0,"menu_order":0,"comment_status":"closed","ping_status":"closed","template":"","meta":{"kt_blocks_editor_width":"","footnotes":""},"class_list":["post-410","page","type-page","status-publish","hentry"],"_links":{"self":[{"href":"https:\/\/matematicas.reduaz.mx\/web\/index.php?rest_route=\/wp\/v2\/pages\/410","targetHints":{"allow":["GET"]}}],"collection":[{"href":"https:\/\/matematicas.reduaz.mx\/web\/index.php?rest_route=\/wp\/v2\/pages"}],"about":[{"href":"https:\/\/matematicas.reduaz.mx\/web\/index.php?rest_route=\/wp\/v2\/types\/page"}],"author":[{"embeddable":true,"href":"https:\/\/matematicas.reduaz.mx\/web\/index.php?rest_route=\/wp\/v2\/users\/1"}],"replies":[{"embeddable":true,"href":"https:\/\/matematicas.reduaz.mx\/web\/index.php?rest_route=%2Fwp%2Fv2%2Fcomments&post=410"}],"version-history":[{"count":1,"href":"https:\/\/matematicas.reduaz.mx\/web\/index.php?rest_route=\/wp\/v2\/pages\/410\/revisions"}],"predecessor-version":[{"id":412,"href":"https:\/\/matematicas.reduaz.mx\/web\/index.php?rest_route=\/wp\/v2\/pages\/410\/revisions\/412"}],"wp:attachment":[{"href":"https:\/\/matematicas.reduaz.mx\/web\/index.php?rest_route=%2Fwp%2Fv2%2Fmedia&parent=410"}],"curies":[{"name":"wp","href":"https:\/\/api.w.org\/{rel}","templated":true}]}}