{"id":387,"date":"2022-09-22T12:02:37","date_gmt":"2022-09-22T17:02:37","guid":{"rendered":"https:\/\/matematicas.reduaz.mx\/web\/?page_id=387"},"modified":"2022-09-22T12:02:38","modified_gmt":"2022-09-22T17:02:38","slug":"lorena-jimenez-sandoval","status":"publish","type":"page","link":"https:\/\/matematicas.reduaz.mx\/web\/?page_id=387","title":{"rendered":"Lorena Jim\u00e9nez Sandoval"},"content":{"rendered":"<style>.wp-block-kadence-column.kb-section-dir-horizontal > .kt-inside-inner-col > #kt-info-box_08a5a0-5d .kt-blocks-info-box-link-wrap{max-width:unset;}#kt-info-box_08a5a0-5d .kt-blocks-info-box-link-wrap{border-color:#336699;border-radius:20px;border-top-width:5px;border-right-width:5px;border-bottom-width:5px;border-left-width:5px;background:#ffffff;padding-top:24px;padding-right:24px;padding-bottom:24px;padding-left:24px;margin-top:50px;}#kt-info-box_08a5a0-5d .kt-blocks-info-box-link-wrap:hover{border-color:#cc9933;background:#ffffff;}#kt-info-box_08a5a0-5d.wp-block-kadence-infobox{max-width:100%;}#kt-info-box_08a5a0-5d .kadence-info-box-image-inner-intrisic-container{max-width:200px;}#kt-info-box_08a5a0-5d .kadence-info-box-image-inner-intrisic-container .kadence-info-box-image-intrisic{padding-bottom:58.4615%;width:650px;height:0px;max-width:100%;}#kt-info-box_08a5a0-5d .kadence-info-box-icon-container .kt-info-svg-icon, #kt-info-box_08a5a0-5d .kt-info-svg-icon-flip, #kt-info-box_08a5a0-5d .kt-blocks-info-box-number{font-size:50px;}#kt-info-box_08a5a0-5d .kt-blocks-info-box-media{color:#444444;background:#ffffff;border-color:#336699;border-radius:200px;overflow:hidden;border-top-width:5px;border-right-width:5px;border-bottom-width:5px;border-left-width:5px;padding-top:20px;padding-right:20px;padding-bottom:20px;padding-left:20px;}#kt-info-box_08a5a0-5d .kt-blocks-info-box-media-container{margin-top:-75px;margin-right:0px;margin-bottom:20px;margin-left:0px;}#kt-info-box_08a5a0-5d .kt-blocks-info-box-media .kadence-info-box-image-intrisic img{border-radius:200px;}#kt-info-box_08a5a0-5d .kt-blocks-info-box-link-wrap:hover .kt-blocks-info-box-media{color:#444444;background:#ffffff;border-color:#cc9933;}#kt-info-box_08a5a0-5d .kt-blocks-info-box-link-wrap .kt-blocks-info-box-media{border-width:0px;box-shadow:inset 0 0 0 5px #336699;}#kt-info-box_08a5a0-5d .kt-blocks-info-box-link-wrap .kt-blocks-info-box-media:before, #kt-info-box_08a5a0-5d .kt-blocks-info-box-link-wrap .kt-blocks-info-box-media:after{border-radius:200px;}#kt-info-box_08a5a0-5d .kt-blocks-info-box-link-wrap .kt-blocks-info-box-media:before{border-width:5px;}#kt-info-box_08a5a0-5d .kt-blocks-info-box-link-wrap:hover .kt-blocks-info-box-media:after{border-right-color:#cc9933;border-right-width:5px;border-top-width:5px;border-bottom-width:5px;}#kt-info-box_08a5a0-5d .kt-blocks-info-box-link-wrap:hover .kt-blocks-info-box-media:before{border-top-color:#cc9933;border-right-color:#cc9933;border-bottom-color:#cc9933;}#kt-info-box_08a5a0-5d .kt-infobox-textcontent h3.kt-blocks-info-box-title{padding-top:0px;padding-right:0px;padding-bottom:0px;padding-left:0px;margin-top:5px;margin-right:0px;margin-bottom:10px;margin-left:0px;}#kt-info-box_08a5a0-5d .kt-blocks-info-box-learnmore{background:transparent;border-width:0px 0px 0px 0px;padding-top:4px;padding-right:8px;padding-bottom:4px;padding-left:8px;margin-top:10px;margin-right:0px;margin-bottom:10px;margin-left:0px;}<\/style>\n<div id=\"kt-info-box_08a5a0-5d\" class=\"wp-block-kadence-infobox\"><a class=\"kt-blocks-info-box-link-wrap info-box-link kt-blocks-info-box-media-align-top kt-info-halign-center\" href=\"https:\/\/matematicas.reduaz.mx\/web\/?page_id=230\"><div class=\"kt-blocks-info-box-media-container\"><div class=\"kt-blocks-info-box-media kt-info-media-animate-drawborder\"><div class=\"kadence-info-box-image-inner-intrisic-container\"><div class=\"kadence-info-box-image-intrisic kt-info-animate-drawborder\"><div class=\"kadence-info-box-image-inner-intrisic\"><img loading=\"lazy\" decoding=\"async\" src=\"https:\/\/matematicas.reduaz.mx\/web\/wp-content\/uploads\/2022\/09\/lorena.jpg\" alt=\"Lorena\" width=\"650\" height=\"380\" class=\"kt-info-box-image wp-image-388\" srcset=\"https:\/\/matematicas.reduaz.mx\/web\/wp-content\/uploads\/2022\/09\/lorena.jpg 650w, https:\/\/matematicas.reduaz.mx\/web\/wp-content\/uploads\/2022\/09\/lorena-300x175.jpg 300w\" sizes=\"auto, (max-width: 650px) 100vw, 650px\" \/><\/div><\/div><\/div><\/div><\/div><div class=\"kt-infobox-textcontent\"><h3 class=\"kt-blocks-info-box-title\">Doctora en Ciencias con Especialidad en Matem\u00e1tica Educativa<\/h3><p class=\"kt-blocks-info-box-text\">Docente-Investigadora de la Unidad Acad\u00e9mica de Matem\u00e1ticas desde junio de 1993. Es Licenciada en Matem\u00e1ticas y Maestra en Matem\u00e1tica Educativa por la Universidad Aut\u00f3noma de Zacatecas, egres\u00f3 de la Maestr\u00eda en Matem\u00e1ticas en el Instituto de Matem\u00e1ticas de la UNAM campus Morelia. Es Doctora en Ciencias con Especialidad en Matem\u00e1tica Educativa por la Universidad Aut\u00f3noma de Guerrero. \u00a0<br\/><br\/>Cuenta con 26 a\u00f1os de experiencia docente formando Licenciados en Matem\u00e1ticas y Maestros en Matem\u00e1tica Educativa.\u00a0 Ha dise\u00f1ado e impartido Diplomados, Seminarios y Talleres de Educaci\u00f3n Continua, Formaci\u00f3n, Actualizaci\u00f3n y Capacitaci\u00f3n Docente del nivel B\u00e1sico, Medio Superior y Superior en el \u00e1rea de Ense\u00f1anza y Aprendizaje de la Matem\u00e1tica, Dise\u00f1o Curricular y Enfoque Basado en Competencias. Dirige tesis de licenciatura y maestr\u00eda. \u00a0<br\/>Ha coordinado y dirigido dise\u00f1os curriculares de programas de nueva creaci\u00f3n y restructuraci\u00f3n en la Universidad Aut\u00f3noma de Zacatecas. Ha conducido los comit\u00e9s de autoevaluaci\u00f3n que posibilitaron el reconocimiento de los CIEES del programa de Licenciatura de la misma Unidad y de otras Unidades acad\u00e9micas de la UAZ.<br\/><br\/>Participa como organizadora, ponente y asistente de diversos eventos acad\u00e9micos a nivel regional, nacional e internacional en el \u00e1rea de la Matem\u00e1tica Educativa y dise\u00f1o curricular. Es representante Institucional ante el ANUIES y ante el CUMex, en comisiones de Dise\u00f1o Curricular, Innovaci\u00f3n Educativa y programas de Comparabilidad y ante la OCDE para el Proyecto AHELO en M\u00e9xico. <br\/>\u00a0<br\/>Ha participado como evaluadora y\/o arbitro de los extensos para la participaci\u00f3n o publicaci\u00f3n de las memorias de eventos convocados por el SINED (Sistema Nacional de Educaci\u00f3n a Distancia), la RED CIMATES (Centros de Investigaci\u00f3n en Matem\u00e1tica Educativa), CLAME y los Congresos Internacionales Retos y Expectativas de la Universidad y las revistas IIME y ALME. Es evaluadora del CAPEM (Consejo de Acreditaci\u00f3n de Programas Educativos de Matem\u00e1ticas).<br\/><br\/>Actualmente es integrante del Grupo de Investigaci\u00f3n sobre \u201cConstrucci\u00f3n Social del Conocimiento Matem\u00e1tico y Sentido Com\u00fan\u201d.\u00a0 Ha publicado en memorias de la EIME, en la revista IIME y la ALME as\u00ed c\u00f3mo y art\u00edculos de divulgaci\u00f3n en diarios de difusi\u00f3n Estatal. \u00a0 Su investigaci\u00f3n actual se centra en el \u00e1rea del Dominio Afectivo en la Matem\u00e1tica Educativa.<br\/><\/p><\/div><\/a><\/div>\n","protected":false},"excerpt":{"rendered":"","protected":false},"author":1,"featured_media":0,"parent":0,"menu_order":0,"comment_status":"closed","ping_status":"closed","template":"","meta":{"kt_blocks_editor_width":"","footnotes":""},"class_list":["post-387","page","type-page","status-publish","hentry"],"_links":{"self":[{"href":"https:\/\/matematicas.reduaz.mx\/web\/index.php?rest_route=\/wp\/v2\/pages\/387","targetHints":{"allow":["GET"]}}],"collection":[{"href":"https:\/\/matematicas.reduaz.mx\/web\/index.php?rest_route=\/wp\/v2\/pages"}],"about":[{"href":"https:\/\/matematicas.reduaz.mx\/web\/index.php?rest_route=\/wp\/v2\/types\/page"}],"author":[{"embeddable":true,"href":"https:\/\/matematicas.reduaz.mx\/web\/index.php?rest_route=\/wp\/v2\/users\/1"}],"replies":[{"embeddable":true,"href":"https:\/\/matematicas.reduaz.mx\/web\/index.php?rest_route=%2Fwp%2Fv2%2Fcomments&post=387"}],"version-history":[{"count":1,"href":"https:\/\/matematicas.reduaz.mx\/web\/index.php?rest_route=\/wp\/v2\/pages\/387\/revisions"}],"predecessor-version":[{"id":389,"href":"https:\/\/matematicas.reduaz.mx\/web\/index.php?rest_route=\/wp\/v2\/pages\/387\/revisions\/389"}],"wp:attachment":[{"href":"https:\/\/matematicas.reduaz.mx\/web\/index.php?rest_route=%2Fwp%2Fv2%2Fmedia&parent=387"}],"curies":[{"name":"wp","href":"https:\/\/api.w.org\/{rel}","templated":true}]}}