{"id":201,"date":"2021-10-03T19:56:48","date_gmt":"2021-10-04T00:56:48","guid":{"rendered":"https:\/\/matematicas.reduaz.mx\/web\/?page_id=201"},"modified":"2021-10-05T11:16:22","modified_gmt":"2021-10-05T16:16:22","slug":"biblioteca-virtual","status":"publish","type":"page","link":"https:\/\/matematicas.reduaz.mx\/web\/?page_id=201","title":{"rendered":"Biblioteca Virtual"},"content":{"rendered":"<style>.wp-block-kadence-advancedheading.kt-adv-heading_dfb4bb-74, .wp-block-kadence-advancedheading.kt-adv-heading_dfb4bb-74[data-kb-block=\"kb-adv-heading_dfb4bb-74\"]{text-align:center;font-style:normal;}.wp-block-kadence-advancedheading.kt-adv-heading_dfb4bb-74 mark.kt-highlight, .wp-block-kadence-advancedheading.kt-adv-heading_dfb4bb-74[data-kb-block=\"kb-adv-heading_dfb4bb-74\"] mark.kt-highlight{font-style:normal;color:#f76a0c;-webkit-box-decoration-break:clone;box-decoration-break:clone;padding-top:0px;padding-right:0px;padding-bottom:0px;padding-left:0px;}.wp-block-kadence-advancedheading.kt-adv-heading_dfb4bb-74 img.kb-inline-image, .wp-block-kadence-advancedheading.kt-adv-heading_dfb4bb-74[data-kb-block=\"kb-adv-heading_dfb4bb-74\"] img.kb-inline-image{width:150px;vertical-align:baseline;}<\/style>\n<h2 class=\"kt-adv-heading_dfb4bb-74 wp-block-kadence-advancedheading\" data-kb-block=\"kb-adv-heading_dfb4bb-74\">Bienvenidos a la biblioteca virtual de la Unidad Acad\u00e9mica de Matem\u00e1ticas<\/h2>\n\n\n\n<p class=\"has-text-align-center\"><strong>LIBROS ELECTR\u00d3NICOS ADQUIRIDOS PARA LA UNIDAD ACAD\u00c9MICA DE MATEM\u00c1TICAS CON RECUROS FECES 2015<\/strong><\/p>\n\n\n<style>.wp-block-kadence-column.kb-section-dir-horizontal > .kt-inside-inner-col > #kt-info-box_ea9e29-bb .kt-blocks-info-box-link-wrap{max-width:unset;}#kt-info-box_ea9e29-bb .kt-blocks-info-box-link-wrap{border-radius:20px;border-top-width:5px;border-right-width:5px;border-bottom-width:5px;border-left-width:5px;background:#ffffff;padding-top:24px;padding-right:24px;padding-bottom:24px;padding-left:24px;}#kt-info-box_ea9e29-bb .kt-blocks-info-box-link-wrap:hover{background:#ffffff;}#kt-info-box_ea9e29-bb .kadence-info-box-icon-container .kt-info-svg-icon, #kt-info-box_ea9e29-bb .kt-info-svg-icon-flip, #kt-info-box_ea9e29-bb .kt-blocks-info-box-number{font-size:50px;}#kt-info-box_ea9e29-bb .kt-blocks-info-box-media{color:#2d5c88;background:#ffffff;border-color:#eeeeee;border-radius:200px;overflow:hidden;border-top-width:5px;border-right-width:5px;border-bottom-width:5px;border-left-width:5px;padding-top:20px;padding-right:20px;padding-bottom:20px;padding-left:20px;margin-top:0px;margin-right:20px;margin-bottom:0px;margin-left:0px;}#kt-info-box_ea9e29-bb .kt-blocks-info-box-media .kadence-info-box-image-intrisic img{border-radius:200px;}#kt-info-box_ea9e29-bb .kt-blocks-info-box-link-wrap:hover .kt-blocks-info-box-media{color:#6c8dab;background:#ffffff;border-color:#eeeeee;}#kt-info-box_ea9e29-bb .kt-infobox-textcontent h2.kt-blocks-info-box-title{padding-top:0px;padding-right:0px;padding-bottom:0px;padding-left:0px;margin-top:5px;margin-right:0px;margin-bottom:10px;margin-left:0px;}#kt-info-box_ea9e29-bb .kt-blocks-info-box-learnmore{background:transparent;border-width:0px 0px 0px 0px;padding-top:4px;padding-right:8px;padding-bottom:4px;padding-left:8px;margin-top:10px;margin-right:0px;margin-bottom:10px;margin-left:0px;}<\/style>\n<div id=\"kt-info-box_ea9e29-bb\" class=\"wp-block-kadence-infobox\"><a class=\"kt-blocks-info-box-link-wrap info-box-link kt-blocks-info-box-media-align-left kt-info-halign-left\" href=\"https:\/\/www.springer.com\/?SGWID=0-0-1500-2520969-0&amp;utm_campaign=AGM27726_1&amp;utm_medium=newsletter&amp;utm_source=email&amp;wt_mc=email.newsletter.6.AGM27726.internal_1\"><div class=\"kt-blocks-info-box-media-container\"><div class=\"kt-blocks-info-box-media kt-info-media-animate-none\"><div class=\"kadence-info-box-icon-container kt-info-icon-animate-none\"><div class=\"kadence-info-box-icon-inner-container\"><span style=\"display:block;justify-content:center;align-items:center\" class=\"kt-info-svg-icon kt-info-svg-icon-fas_school\"><svg style=\"display:inline-block;vertical-align:middle\" viewbox=\"0 0 640 512\" height=\"50\" width=\"50\" fill=\"currentColor\" xmlns=\"http:\/\/www.w3.org\/2000\/svg\" aria-hidden=\"true\"><path d=\"M0 224v272c0 8.84 7.16 16 16 16h80V192H32c-17.67 0-32 14.33-32 32zm360-48h-24v-40c0-4.42-3.58-8-8-8h-16c-4.42 0-8 3.58-8 8v64c0 4.42 3.58 8 8 8h48c4.42 0 8-3.58 8-8v-16c0-4.42-3.58-8-8-8zm137.75-63.96l-160-106.67a32.02 32.02 0 0 0-35.5 0l-160 106.67A32.002 32.002 0 0 0 128 138.66V512h128V368c0-8.84 7.16-16 16-16h96c8.84 0 16 7.16 16 16v144h128V138.67c0-10.7-5.35-20.7-14.25-26.63zM320 256c-44.18 0-80-35.82-80-80s35.82-80 80-80 80 35.82 80 80-35.82 80-80 80zm288-64h-64v320h80c8.84 0 16-7.16 16-16V224c0-17.67-14.33-32-32-32z\"><\/path><\/svg><\/span><\/div><\/div><\/div><\/div><div class=\"kt-infobox-textcontent\"><h2 class=\"kt-blocks-info-box-title\">Matem\u00e1ticas y Estad\u00edstica<\/h2><p class=\"kt-blocks-info-box-text\"><\/p><\/div><\/a><\/div>\n\n\n<style>.wp-block-kadence-column.kb-section-dir-horizontal > .kt-inside-inner-col > #kt-info-box_fe7e3c-bb .kt-blocks-info-box-link-wrap{max-width:unset;}#kt-info-box_fe7e3c-bb .kt-blocks-info-box-link-wrap{border-radius:20px;border-top-width:5px;border-right-width:5px;border-bottom-width:5px;border-left-width:5px;background:#ffffff;padding-top:24px;padding-right:24px;padding-bottom:24px;padding-left:24px;}#kt-info-box_fe7e3c-bb .kt-blocks-info-box-link-wrap:hover{background:#ffffff;}#kt-info-box_fe7e3c-bb .kadence-info-box-icon-container .kt-info-svg-icon, #kt-info-box_fe7e3c-bb .kt-info-svg-icon-flip, #kt-info-box_fe7e3c-bb .kt-blocks-info-box-number{font-size:50px;}#kt-info-box_fe7e3c-bb .kt-blocks-info-box-media{color:#2d5c88;background:#ffffff;border-color:#eeeeee;border-radius:200px;overflow:hidden;border-top-width:5px;border-right-width:5px;border-bottom-width:5px;border-left-width:5px;padding-top:20px;padding-right:20px;padding-bottom:20px;padding-left:20px;margin-top:0px;margin-right:20px;margin-bottom:0px;margin-left:0px;}#kt-info-box_fe7e3c-bb .kt-blocks-info-box-media .kadence-info-box-image-intrisic img{border-radius:200px;}#kt-info-box_fe7e3c-bb .kt-blocks-info-box-link-wrap:hover .kt-blocks-info-box-media{color:#6c8dab;background:#ffffff;border-color:#eeeeee;}#kt-info-box_fe7e3c-bb .kt-infobox-textcontent h2.kt-blocks-info-box-title{padding-top:0px;padding-right:0px;padding-bottom:0px;padding-left:0px;margin-top:5px;margin-right:0px;margin-bottom:10px;margin-left:0px;}#kt-info-box_fe7e3c-bb .kt-blocks-info-box-learnmore{background:transparent;border-width:0px 0px 0px 0px;padding-top:4px;padding-right:8px;padding-bottom:4px;padding-left:8px;margin-top:10px;margin-right:0px;margin-bottom:10px;margin-left:0px;}<\/style>\n<div id=\"kt-info-box_fe7e3c-bb\" class=\"wp-block-kadence-infobox\"><a class=\"kt-blocks-info-box-link-wrap info-box-link kt-blocks-info-box-media-align-left kt-info-halign-left\" href=\"https:\/\/www.springer.com\/?SGWID=0-0-1500-2521027-0&amp;utm_campaign=AGM27727_1&amp;utm_medium=newsletter&amp;utm_source=email&amp;wt_mc=email.newsletter.6.AGM27727.internal_1\"><div class=\"kt-blocks-info-box-media-container\"><div class=\"kt-blocks-info-box-media kt-info-media-animate-none\"><div class=\"kadence-info-box-icon-container kt-info-icon-animate-none\"><div class=\"kadence-info-box-icon-inner-container\"><span style=\"display:block;justify-content:center;align-items:center\" class=\"kt-info-svg-icon kt-info-svg-icon-fas_swatchbook\"><svg style=\"display:inline-block;vertical-align:middle\" viewbox=\"0 0 511 512\" height=\"50\" width=\"50\" fill=\"currentColor\" xmlns=\"http:\/\/www.w3.org\/2000\/svg\" aria-hidden=\"true\"><path d=\"M479.06 320H372.29L186.15 506.51c-2.06 2.07-4.49 3.58-6.67 5.49h299.58c17.64 0 31.94-14.33 31.94-32V352c0-17.67-14.3-32-31.94-32zm-44.5-152.9l-90.33-90.51c-12.47-12.5-32.69-12.5-45.17 0l-75.5 75.65V416c0 2.96-.67 5.73-.87 8.64l211.87-212.28c12.47-12.5 12.47-32.77 0-45.26zM191.62 32c0-17.67-14.3-32-31.94-32H31.94C14.3 0 0 14.33 0 32v384c0 53.02 42.9 96 95.81 96s95.81-42.98 95.81-96V32zM95.81 440c-13.23 0-23.95-10.75-23.95-24 0-13.26 10.73-24 23.95-24s23.95 10.74 23.95 24c.01 13.25-10.72 24-23.95 24zm31.94-184H63.88v-64h63.88v64zm0-128H63.88V64h63.88v64z\"><\/path><\/svg><\/span><\/div><\/div><\/div><\/div><div class=\"kt-infobox-textcontent\"><h2 class=\"kt-blocks-info-box-title\">F\u00edsica y Astronom\u00eda<\/h2><p class=\"kt-blocks-info-box-text\"><\/p><\/div><\/a><\/div>\n\n\n\n<p>Libros gestionados por la administraci\u00f3n de la Unidad 2012-2016<\/p>\n","protected":false},"excerpt":{"rendered":"<p>Bienvenidos a la biblioteca virtual de la Unidad Acad\u00e9mica de Matem\u00e1ticas LIBROS ELECTR\u00d3NICOS ADQUIRIDOS PARA LA UNIDAD ACAD\u00c9MICA DE MATEM\u00c1TICAS CON RECUROS FECES 2015 Libros gestionados por la administraci\u00f3n de la Unidad 2012-2016<\/p>\n","protected":false},"author":1,"featured_media":0,"parent":0,"menu_order":0,"comment_status":"closed","ping_status":"closed","template":"","meta":{"kt_blocks_editor_width":"","footnotes":""},"class_list":["post-201","page","type-page","status-publish","hentry"],"_links":{"self":[{"href":"https:\/\/matematicas.reduaz.mx\/web\/index.php?rest_route=\/wp\/v2\/pages\/201","targetHints":{"allow":["GET"]}}],"collection":[{"href":"https:\/\/matematicas.reduaz.mx\/web\/index.php?rest_route=\/wp\/v2\/pages"}],"about":[{"href":"https:\/\/matematicas.reduaz.mx\/web\/index.php?rest_route=\/wp\/v2\/types\/page"}],"author":[{"embeddable":true,"href":"https:\/\/matematicas.reduaz.mx\/web\/index.php?rest_route=\/wp\/v2\/users\/1"}],"replies":[{"embeddable":true,"href":"https:\/\/matematicas.reduaz.mx\/web\/index.php?rest_route=%2Fwp%2Fv2%2Fcomments&post=201"}],"version-history":[{"count":2,"href":"https:\/\/matematicas.reduaz.mx\/web\/index.php?rest_route=\/wp\/v2\/pages\/201\/revisions"}],"predecessor-version":[{"id":205,"href":"https:\/\/matematicas.reduaz.mx\/web\/index.php?rest_route=\/wp\/v2\/pages\/201\/revisions\/205"}],"wp:attachment":[{"href":"https:\/\/matematicas.reduaz.mx\/web\/index.php?rest_route=%2Fwp%2Fv2%2Fmedia&parent=201"}],"curies":[{"name":"wp","href":"https:\/\/api.w.org\/{rel}","templated":true}]}}