{"id":164,"date":"2021-09-06T20:03:30","date_gmt":"2021-09-07T01:03:30","guid":{"rendered":"https:\/\/matematicas.reduaz.mx\/web\/?page_id=164"},"modified":"2021-09-06T20:17:33","modified_gmt":"2021-09-07T01:17:33","slug":"proyectos-de-investigacion","status":"publish","type":"page","link":"https:\/\/matematicas.reduaz.mx\/web\/?page_id=164","title":{"rendered":"Proyectos de investigaci\u00f3n"},"content":{"rendered":"\n<h2 class=\"wp-block-heading\">Proyectos vigentes<\/h2>\n\n\n\n<figure class=\"wp-block-table is-style-regular\"><table><thead><tr><th>Investigador<\/th><th>T\u00edtulo del proyecto<\/th><th>Colaboradores<\/th><\/tr><\/thead><tbody><tr><td>ARREDONDO LUNA VERONICA<\/td><td><a href=\"https:\/\/matematicas.reduaz.mx\/web\/wp-content\/uploads\/2021\/09\/ARREDONDO_LUNAUAZ-2019-38020_2021SPAR.pdf\">Modelaci\u00f3n matem\u00e1tica y distritaci\u00f3n del territorio contemplando grupos minoritarios<\/a><\/td><td>BACIO PARRA LUZ VANESSA, Ricca Federica, Scozzari Andrea, Habibi Lashkari Ziba<\/td><\/tr><tr><td>BACIO PARRA LUZ VANESSA<\/td><td><a href=\"https:\/\/matematicas.reduaz.mx\/web\/wp-content\/uploads\/2021\/09\/BACIO_PARRA_UAZ-2019-38002_2021SPAR.pdf\">An\u00e1lisis de informaci\u00f3n en materia de prevenci\u00f3n social del delito en el Estado de Zacatecas mediante t\u00e9cnicas matem\u00e1ticas y estad\u00edsticas<\/a><\/td><td>ARREDONDO LUNA VERONICA, TRUEBA VAZQUEZ LEOPOLDO, VALDEZ CEPEDA RICARDO DAVID, RAMIREZ HERNANDEZ LETICIA ADRIANA<\/td><\/tr><tr><td>CARRILLO GARCIA CAROLINA DEL ROSARIO<\/td><td><a href=\"https:\/\/matematicas.reduaz.mx\/web\/wp-content\/uploads\/2021\/09\/CARRILLO_GARCIA_UAZ-2019-38003_2021SPAR.pdf\">DISE\u00d1O DE MATERIALES DID\u00c1CTICOS PARA LA ENSE\u00d1ANZA DE LAS MATEM\u00c1TICAS A ESTUDIANTES CON DISCAPACIDAD VISUAL<\/a><\/td><td>LOPEZ FLORES JOSE IVAN, GARCIA ORTIZ ROSA MARIA, ESCALANTE CASTILLEJA EVELYN LIZBETH, HERNANDEZ NAVA ITZEL<\/td><\/tr><tr><td>GARCIA ZAMORA ALEXIS MIGUEL<\/td><td><a href=\"https:\/\/matematicas.reduaz.mx\/web\/wp-content\/uploads\/2021\/09\/GARCIA_ZAMORA_UAZ-2019-38005_2021SPAR.pdf\">Familias de curvas, variedades abelianas y fibrados sobre superficies<\/a><\/td><td>Torres L\u00f3pez Hugo, Reyes Ahumada Graciela, Fr\u00edas Medina Juan Bosco, Roa Leguizam\u00f3n Leonardo<\/td><\/tr><tr><td>HERNANDEZ SANCHEZ JUDITH ALEJANDRA<\/td><td><a href=\"https:\/\/matematicas.reduaz.mx\/web\/wp-content\/uploads\/2021\/09\/HERNANDEZ_SANCHEZ_UAZ-2019-37816_2021SPAR.pdf\">ESTADO DEL CONOCIMIENTO 2012-2022 SOBRE LA INVESTIGACI\u00d3N EDUCATIVA EN LA FORMACI\u00d3N DE MATEM\u00c1TICOS EDUCATIVOS EN LA UAZ<\/a><\/td><td>BRICE\u00d1O SOLIS EDUARDO CARLOS, CARRILLO GARCIA CAROLINA DEL ROSARIO, LOPEZ FLORES JOSE IVAN, RODRIGUEZ ROBLES MARCELINA, CAPETILLO MEDRANO CARLA BEATRIZ, DUE\u00d1AS CRUZ ANGELICA, KU EUAN DARLY ALINA<\/td><\/tr><tr><td>LEA\u00d1OS MACIAS JESUS<\/td><td><a href=\"https:\/\/matematicas.reduaz.mx\/web\/wp-content\/uploads\/2021\/09\/LEANIOS_MACIAS_UAZ-2019-38021_2021SPAR.pdf\">N\u00famero de cruce de gr\u00e1ficas y temas relacionados<\/a><\/td><td>RIVERA MARTINEZ LUIS MANUEL<\/td><\/tr><tr><td>LOPEZ FLORES JOSE IVAN<\/td><td><a href=\"https:\/\/matematicas.reduaz.mx\/web\/wp-content\/uploads\/2021\/09\/LOPEZ_FLORES_UAZ-2020-38142_2021SPAR.pdf\">SIGNIFICADOS DE LA PROBABILIDAD EN LA ESCUELA SECUNDARIA EN M\u00c9XICO, UN AN\u00c1LISIS DESDE LOS LIBROS DE TEXTO<\/a><\/td><td>CARRILLO GARCIA CAROLINA DEL ROSARIO, LEON BANGUERO JOSE MIGUEL<\/td><\/tr><tr><td>MALDONADO AGUILAR MIGUEL ANGEL<\/td><td><a href=\"https:\/\/matematicas.reduaz.mx\/web\/wp-content\/uploads\/2021\/09\/MALDONADO_AGUILAR_UAZ-2019-37883_2021SPAR.pdf\">Realizaci\u00f3n de anillos polinomiales via la construcci\u00f3n de Borel<\/a><\/td><td>IBARRA TREJO SOFIA<\/td><\/tr><tr><td>MARTINEZ ORTIZ JUAN<\/td><td><a href=\"https:\/\/matematicas.reduaz.mx\/web\/wp-content\/uploads\/2021\/09\/MARTINEZ_ORTIZ_UAZ-2020-38284_2021SPAR.pdf\">Modelizaci\u00f3n matem\u00e1tica del estado tensi\u00f3n-deformaci\u00f3n de biomateriales y materiales con elementos viscoel\u00e1sticos basada en el enfoque fraccionario<\/a><\/td><td>RAMIREZ HERNANDEZ LETICIA ADRIANA<\/td><\/tr><tr><td>PEREZ JUAN ANTONIO<\/td><td><a href=\"https:\/\/matematicas.reduaz.mx\/web\/wp-content\/uploads\/2021\/09\/PEREZ_JUAN_UAZ-2021-38342_2021SPAR.pdf\">El coraz\u00f3n de un espacio de Alexandroff<\/a><\/td><td><\/td><\/tr><tr><td>RAMIREZ HERNANDEZ LETICIA ADRIANA<\/td><td><a href=\"https:\/\/matematicas.reduaz.mx\/web\/wp-content\/uploads\/2021\/09\/RAMIREZ_HERNANDEZ_UAZ-2020-38143_2021SPAR.pdf\">Epidemiolog\u00eda Matem\u00e1tica<\/a><\/td><td>MARTINEZ ORTIZ JUAN, BACIO PARRA LUZ VANESSA<\/td><\/tr><tr><td>RIVERA MARTINEZ LUIS MANUEL<\/td><td><a href=\"https:\/\/matematicas.reduaz.mx\/web\/wp-content\/uploads\/2021\/09\/RIVERA_MARTINEZ_UAZ-2020-38285_2021SPAR.pdf\">PROPIEDADES Y GENERALIZACIONES DE GRAFICAS DE FICHAS<\/a><\/td><td>LEA\u00d1OS MACIAS JESUS<\/td><\/tr><tr><td>RODARTE SOLORZANO LUIS MANUEL<\/td><td><a href=\"https:\/\/matematicas.reduaz.mx\/web\/wp-content\/uploads\/2021\/09\/RODARTE_SOLORZANO_UAZ-2019-37884_2021SPAR.pdf\">AN\u00c1LISIS Y CUANTIFICACI\u00d3N DE ALGUNOS FACTORES QUE INFLUYEN EN LA REPROBACI\u00d3N DE LOS ESTUDIANTES DE NUEVO INGRESO DE LA UAP DE LA UAZ<\/a><\/td><td><\/td><\/tr><tr><td>SOSA GUERRERO LETICIA<\/td><td><a href=\"https:\/\/matematicas.reduaz.mx\/web\/wp-content\/uploads\/2021\/09\/SOSA_GUERRERO_UAZ-2020-38144_2021SPAR.pdf\">Conocimiento matem\u00e1tico y conocimiento did\u00e1ctico del contenido del profesor en la ense\u00f1anza y aprendizaje de las matem\u00e1ticas<\/a><\/td><td>CALVILLO GUEVARA NANCY JANETH, TORRES IBARRA MONICA DEL ROCIO, BORJON ROBLES ELVIRA, ACOSTA MARQUEZ ITZAYANA, LEON BANGUERO JOSE MIGUEL, PONCIANO BUSTOS EDGAR, ARTEAGA SUSANA, FAUSTINO RUIZ ORIBEL, ZAKARYAN DIANA, RIBEIRO MIGUEL, SANDOVAL IVONNE, CARRILLO Y\u00c1\u00d1EZ JOSE<\/td><\/tr><tr><td>TORRES IBARRA MONICA DEL ROCIO<\/td><td><a href=\"https:\/\/matematicas.reduaz.mx\/web\/wp-content\/uploads\/2021\/09\/TORRES_IBARRA_UAZ-2020-38145_2021SPAR.pdf\">Desarrollo de Propuestas de Ense\u00f1anza y Profesionalizaci\u00f3n Docente en Matem\u00e1ticas con Tecnolog\u00eda y Materiales<\/a><\/td><td>BORJON ROBLES ELVIRA, CALVILLO GUEVARA NANCY JANETH, SAUCEDO BECERRA EDGAR ESAUL, SAUCEDO BECERRA EDGAR ESAUL, HERNANDEZ VASQUEZ EMMANUEL, FUENTES MARTINEZ ANGEL, ASCENCIO RAMIREZ OSCAR<\/td><\/tr><tr><td>VISHWAKARMA RAM GOPAL<\/td><td><a href=\"https:\/\/matematicas.reduaz.mx\/web\/wp-content\/uploads\/2021\/09\/VISHWAKARMA_UAZ-2019-37770_2021SPAR.pdf\">Cosmological Observations and Their Use in Testing Cosmological Theories<\/a><\/td><td>Narlikar Jayant V.<\/td><\/tr><tr><td>VISHWAKARMA RAM GOPAL<\/td><td><a href=\"https:\/\/matematicas.reduaz.mx\/web\/wp-content\/uploads\/2021\/09\/VISHWAKARMA_UAZ-2019-37769_2021SPAR.pdf\">Digging Deeper into Spacetime<\/a><\/td><td><\/td><\/tr><\/tbody><\/table><\/figure>\n","protected":false},"excerpt":{"rendered":"<p>Proyectos vigentes Investigador T\u00edtulo del proyecto Colaboradores ARREDONDO LUNA VERONICA Modelaci\u00f3n matem\u00e1tica y distritaci\u00f3n del territorio contemplando grupos minoritarios BACIO PARRA LUZ VANESSA, Ricca Federica, Scozzari Andrea, Habibi Lashkari Ziba BACIO PARRA LUZ VANESSA An\u00e1lisis de informaci\u00f3n en materia de &hellip; <a href=\"https:\/\/matematicas.reduaz.mx\/web\/?page_id=164\">Continuar<\/a><\/p>\n","protected":false},"author":1,"featured_media":35,"parent":0,"menu_order":0,"comment_status":"closed","ping_status":"closed","template":"","meta":{"kt_blocks_editor_width":"","footnotes":""},"class_list":["post-164","page","type-page","status-publish","has-post-thumbnail","hentry"],"_links":{"self":[{"href":"https:\/\/matematicas.reduaz.mx\/web\/index.php?rest_route=\/wp\/v2\/pages\/164","targetHints":{"allow":["GET"]}}],"collection":[{"href":"https:\/\/matematicas.reduaz.mx\/web\/index.php?rest_route=\/wp\/v2\/pages"}],"about":[{"href":"https:\/\/matematicas.reduaz.mx\/web\/index.php?rest_route=\/wp\/v2\/types\/page"}],"author":[{"embeddable":true,"href":"https:\/\/matematicas.reduaz.mx\/web\/index.php?rest_route=\/wp\/v2\/users\/1"}],"replies":[{"embeddable":true,"href":"https:\/\/matematicas.reduaz.mx\/web\/index.php?rest_route=%2Fwp%2Fv2%2Fcomments&post=164"}],"version-history":[{"count":3,"href":"https:\/\/matematicas.reduaz.mx\/web\/index.php?rest_route=\/wp\/v2\/pages\/164\/revisions"}],"predecessor-version":[{"id":185,"href":"https:\/\/matematicas.reduaz.mx\/web\/index.php?rest_route=\/wp\/v2\/pages\/164\/revisions\/185"}],"wp:featuredmedia":[{"embeddable":true,"href":"https:\/\/matematicas.reduaz.mx\/web\/index.php?rest_route=\/wp\/v2\/media\/35"}],"wp:attachment":[{"href":"https:\/\/matematicas.reduaz.mx\/web\/index.php?rest_route=%2Fwp%2Fv2%2Fmedia&parent=164"}],"curies":[{"name":"wp","href":"https:\/\/api.w.org\/{rel}","templated":true}]}}