{"id":59,"date":"2024-02-21T17:12:35","date_gmt":"2024-02-21T17:12:35","guid":{"rendered":"https:\/\/matematicas.reduaz.mx\/profesionalizante_matedu\/?page_id=59"},"modified":"2024-02-27T07:48:58","modified_gmt":"2024-02-27T13:48:58","slug":"objetivos","status":"publish","type":"page","link":"https:\/\/matematicas.reduaz.mx\/profesionalizante_matedu\/?page_id=59","title":{"rendered":"Objetivos"},"content":{"rendered":"\n<figure class=\"wp-block-image size-full\"><img loading=\"lazy\" decoding=\"async\" width=\"400\" height=\"210\" src=\"https:\/\/matematicas.reduaz.mx\/profesionalizante_matedu\/wp-content\/uploads\/2024\/02\/Objetivo-Generalfw.png\" alt=\"\" class=\"wp-image-165\" srcset=\"https:\/\/matematicas.reduaz.mx\/profesionalizante_matedu\/wp-content\/uploads\/2024\/02\/Objetivo-Generalfw.png 400w, https:\/\/matematicas.reduaz.mx\/profesionalizante_matedu\/wp-content\/uploads\/2024\/02\/Objetivo-Generalfw-300x158.png 300w\" sizes=\"auto, (max-width: 400px) 100vw, 400px\" \/><\/figure>\n\n\n\n<p>Formar profesionales del m\u00e1s alto nivel en el campo de la Matem\u00e1tica Educativa capaces de orientar y desarrollar eficazmente las tareas relacionadas con la ense\u00f1anza aprendizaje de las Matem\u00e1ticas en alguna de las orientaciones establecidas en el Plan de Estudios (Secundaria, Bachillerato o Superior) posibilitando un mejor aprendizaje de las matem\u00e1ticas de sus estudiantes y as\u00ed contribuir a resolver los problemas inherentes a la problem\u00e1tica de las Instituciones Educativas del Estado de Zacatecas y del pa\u00eds en el \u00e1rea de Matem\u00e1ticas<\/p>\n\n\n\n<figure class=\"wp-block-image size-full\"><img loading=\"lazy\" decoding=\"async\" width=\"400\" height=\"210\" src=\"https:\/\/matematicas.reduaz.mx\/profesionalizante_matedu\/wp-content\/uploads\/2024\/02\/Objetivo-Especfw.png\" alt=\"\" class=\"wp-image-167\" srcset=\"https:\/\/matematicas.reduaz.mx\/profesionalizante_matedu\/wp-content\/uploads\/2024\/02\/Objetivo-Especfw.png 400w, https:\/\/matematicas.reduaz.mx\/profesionalizante_matedu\/wp-content\/uploads\/2024\/02\/Objetivo-Especfw-300x158.png 300w\" sizes=\"auto, (max-width: 400px) 100vw, 400px\" \/><\/figure>\n\n\n\n<ul class=\"wp-block-list\">\n<li>Formar posgraduados con un alto sentido de pertenencia y responsabilidad que los motive a la b\u00fasqueda de respuestas y propuestas innovadoras, mediante la aplicaci\u00f3n de los resultados de la disciplina de la Matem\u00e1tica Educativa y el uso de las tecnolog\u00edas como apoyo did\u00e1ctico.<\/li>\n\n\n\n<li>Formar posgraduados capaces de incidir en la soluci\u00f3n de problem\u00e1ticas espec\u00edficas en el aula, a trav\u00e9s de la reflexi\u00f3n de su propia pr\u00e1ctica.<\/li>\n\n\n\n<li>Desarrollar habilidades y capacidades inherentes a la ense\u00f1anza de las matem\u00e1ticas que le permita a los posgraduados cualificar y promover el aprendizaje de sus estudiantes.<\/li>\n\n\n\n<li>Contar con un posgrado de calidad con reconocimiento nacional y pertinente socialmente.<\/li>\n\n\n\n<li>Alcanzar el reconocimiento regional y nacional, como un programa de vinculaci\u00f3n con las instituciones educativas que coadyuva en la resoluci\u00f3n de los problemas inherentes a la Matem\u00e1tica Educativa, a partir del desarrollo profesional de los profesores de Matem\u00e1ticas.<\/li>\n\n\n\n<li>Contar con infraestructura suficiente y moderna, con espacios equipados para la observaci\u00f3n, creaci\u00f3n, aplicaci\u00f3n y transformaci\u00f3n de propuestas did\u00e1cticas, como resultado de las pr\u00e1cticas profesionales y\/o de investigaci\u00f3n de los estudiantes y planta acad\u00e9mica del posgrado.<\/li>\n<\/ul>\n","protected":false},"excerpt":{"rendered":"<p>Formar profesionales del m\u00e1s alto nivel en el campo de la Matem\u00e1tica Educativa capaces de orientar y desarrollar eficazmente las tareas relacionadas con la ense\u00f1anza aprendizaje de las Matem\u00e1ticas en alguna de las orientaciones establecidas en el Plan de Estudios &hellip; <a href=\"https:\/\/matematicas.reduaz.mx\/profesionalizante_matedu\/?page_id=59\">Continued<\/a><\/p>\n","protected":false},"author":2,"featured_media":0,"parent":0,"menu_order":0,"comment_status":"closed","ping_status":"closed","template":"","meta":{"kt_blocks_editor_width":"","footnotes":""},"class_list":["post-59","page","type-page","status-publish","hentry"],"_links":{"self":[{"href":"https:\/\/matematicas.reduaz.mx\/profesionalizante_matedu\/index.php?rest_route=\/wp\/v2\/pages\/59","targetHints":{"allow":["GET"]}}],"collection":[{"href":"https:\/\/matematicas.reduaz.mx\/profesionalizante_matedu\/index.php?rest_route=\/wp\/v2\/pages"}],"about":[{"href":"https:\/\/matematicas.reduaz.mx\/profesionalizante_matedu\/index.php?rest_route=\/wp\/v2\/types\/page"}],"author":[{"embeddable":true,"href":"https:\/\/matematicas.reduaz.mx\/profesionalizante_matedu\/index.php?rest_route=\/wp\/v2\/users\/2"}],"replies":[{"embeddable":true,"href":"https:\/\/matematicas.reduaz.mx\/profesionalizante_matedu\/index.php?rest_route=%2Fwp%2Fv2%2Fcomments&post=59"}],"version-history":[{"count":3,"href":"https:\/\/matematicas.reduaz.mx\/profesionalizante_matedu\/index.php?rest_route=\/wp\/v2\/pages\/59\/revisions"}],"predecessor-version":[{"id":168,"href":"https:\/\/matematicas.reduaz.mx\/profesionalizante_matedu\/index.php?rest_route=\/wp\/v2\/pages\/59\/revisions\/168"}],"wp:attachment":[{"href":"https:\/\/matematicas.reduaz.mx\/profesionalizante_matedu\/index.php?rest_route=%2Fwp%2Fv2%2Fmedia&parent=59"}],"curies":[{"name":"wp","href":"https:\/\/api.w.org\/{rel}","templated":true}]}}