{"id":53,"date":"2024-02-21T17:03:29","date_gmt":"2024-02-21T17:03:29","guid":{"rendered":"https:\/\/matematicas.reduaz.mx\/profesionalizante_matedu\/?page_id=53"},"modified":"2024-02-27T07:46:48","modified_gmt":"2024-02-27T13:46:48","slug":"perfil-de-ingreso","status":"publish","type":"page","link":"https:\/\/matematicas.reduaz.mx\/profesionalizante_matedu\/?page_id=53","title":{"rendered":"Perfil de ingreso"},"content":{"rendered":"\n<figure class=\"wp-block-image size-full\"><img loading=\"lazy\" decoding=\"async\" width=\"400\" height=\"210\" src=\"https:\/\/matematicas.reduaz.mx\/profesionalizante_matedu\/wp-content\/uploads\/2024\/02\/perfilifw.png\" alt=\"\" class=\"wp-image-161\" srcset=\"https:\/\/matematicas.reduaz.mx\/profesionalizante_matedu\/wp-content\/uploads\/2024\/02\/perfilifw.png 400w, https:\/\/matematicas.reduaz.mx\/profesionalizante_matedu\/wp-content\/uploads\/2024\/02\/perfilifw-300x158.png 300w\" sizes=\"auto, (max-width: 400px) 100vw, 400px\" \/><\/figure>\n\n\n\n<p>Profesionistas comprometidos con la ense\u00f1anza y el aprendizaje de las Matem\u00e1ticas, graduados en alguna carrera relacionada con la ense\u00f1anza de esta disciplina o con experiencia en el campo de la docencia de la Matem\u00e1tica en el nivel de Secundaria, Bachillerato o Superior.<\/p>\n\n\n\n<p><strong><em><mark style=\"background-color:rgba(0, 0, 0, 0)\" class=\"has-inline-color has-virtue-primary-color\">Competencias deseables a su ingreso<\/mark><\/em><\/strong><\/p>\n\n\n\n<ul class=\"wp-block-list\">\n<li>Sensibilidad hacia la ense\u00f1anza de las matem\u00e1ticas.<\/li>\n\n\n\n<li>Inter\u00e9s por comprender los diversos fen\u00f3menos educativos que se dan en la ense\u00f1anza de las matem\u00e1ticas.<\/li>\n\n\n\n<li>Utilizar el conocimiento matem\u00e1tico en la orientaci\u00f3n que se desee cursar para la resoluci\u00f3n de problemas.<\/li>\n\n\n\n<li>Resolver problemas matem\u00e1ticos en la orientaci\u00f3n que se desee cursar, utilizando diferentes estrategias.<\/li>\n\n\n\n<li>Analizar y sintetizar documentos relacionados con la disciplina.<\/li>\n\n\n\n<li>Leer y entender textos acad\u00e9micos en una segunda lengua (preferentemente ingl\u00e9s o franc\u00e9s).<\/li>\n\n\n\n<li>Disposici\u00f3n para el trabajo colaborativo.<\/li>\n<\/ul>\n","protected":false},"excerpt":{"rendered":"<p>Profesionistas comprometidos con la ense\u00f1anza y el aprendizaje de las Matem\u00e1ticas, graduados en alguna carrera relacionada con la ense\u00f1anza de esta disciplina o con experiencia en el campo de la docencia de la Matem\u00e1tica en el nivel de Secundaria, Bachillerato &hellip; <a href=\"https:\/\/matematicas.reduaz.mx\/profesionalizante_matedu\/?page_id=53\">Continued<\/a><\/p>\n","protected":false},"author":2,"featured_media":0,"parent":0,"menu_order":0,"comment_status":"closed","ping_status":"closed","template":"","meta":{"kt_blocks_editor_width":"","footnotes":""},"class_list":["post-53","page","type-page","status-publish","hentry"],"_links":{"self":[{"href":"https:\/\/matematicas.reduaz.mx\/profesionalizante_matedu\/index.php?rest_route=\/wp\/v2\/pages\/53","targetHints":{"allow":["GET"]}}],"collection":[{"href":"https:\/\/matematicas.reduaz.mx\/profesionalizante_matedu\/index.php?rest_route=\/wp\/v2\/pages"}],"about":[{"href":"https:\/\/matematicas.reduaz.mx\/profesionalizante_matedu\/index.php?rest_route=\/wp\/v2\/types\/page"}],"author":[{"embeddable":true,"href":"https:\/\/matematicas.reduaz.mx\/profesionalizante_matedu\/index.php?rest_route=\/wp\/v2\/users\/2"}],"replies":[{"embeddable":true,"href":"https:\/\/matematicas.reduaz.mx\/profesionalizante_matedu\/index.php?rest_route=%2Fwp%2Fv2%2Fcomments&post=53"}],"version-history":[{"count":2,"href":"https:\/\/matematicas.reduaz.mx\/profesionalizante_matedu\/index.php?rest_route=\/wp\/v2\/pages\/53\/revisions"}],"predecessor-version":[{"id":162,"href":"https:\/\/matematicas.reduaz.mx\/profesionalizante_matedu\/index.php?rest_route=\/wp\/v2\/pages\/53\/revisions\/162"}],"wp:attachment":[{"href":"https:\/\/matematicas.reduaz.mx\/profesionalizante_matedu\/index.php?rest_route=%2Fwp%2Fv2%2Fmedia&parent=53"}],"curies":[{"name":"wp","href":"https:\/\/api.w.org\/{rel}","templated":true}]}}