{"id":496,"date":"2025-10-30T15:33:23","date_gmt":"2025-10-30T21:33:23","guid":{"rendered":"https:\/\/matematicas.reduaz.mx\/profesionalizante_matedu\/?page_id=496"},"modified":"2025-10-30T15:33:23","modified_gmt":"2025-10-30T21:33:23","slug":"moreno-nehemias","status":"publish","type":"page","link":"https:\/\/matematicas.reduaz.mx\/profesionalizante_matedu\/?page_id=496","title":{"rendered":"Moreno, Nehemias"},"content":{"rendered":"<style>.kb-identity496_833da1-e5 a{text-decoration:inherit;color:inherit;}.kb-identity496_833da1-e5 .kb-identity-layout-container{align-items:center;}<\/style><div class=\"kb-identity kb-identity496_833da1-e5 alignnone wp-block-kadence-identity\"><a href=\"https:\/\/matematicas.reduaz.mx\/profesionalizante_matedu\/\" class=\"kb-identity-layout-container kb-identity-layout-logo-left\">\n<div style=\"margin-right:var(--wp--preset--spacing--40);\" class=\"wp-block-site-logo\"><img loading=\"lazy\" decoding=\"async\" width=\"120\" height=\"18\" src=\"https:\/\/matematicas.reduaz.mx\/profesionalizante_matedu\/wp-content\/uploads\/2025\/10\/MembreteUAZ-UAM_25-29-1024x157-1.png\" class=\"custom-logo\" alt=\"Maestr\u00eda en Matem\u00e1tica Educativa\" srcset=\"https:\/\/matematicas.reduaz.mx\/profesionalizante_matedu\/wp-content\/uploads\/2025\/10\/MembreteUAZ-UAM_25-29-1024x157-1.png 1024w, https:\/\/matematicas.reduaz.mx\/profesionalizante_matedu\/wp-content\/uploads\/2025\/10\/MembreteUAZ-UAM_25-29-1024x157-1-300x46.png 300w, https:\/\/matematicas.reduaz.mx\/profesionalizante_matedu\/wp-content\/uploads\/2025\/10\/MembreteUAZ-UAM_25-29-1024x157-1-768x118.png 768w\" sizes=\"auto, (max-width: 120px) 100vw, 120px\" \/><\/div>\n\n<p class=\"wp-block-site-title\">Maestr\u00eda en Matem\u00e1tica Educativa<\/p>\n<\/a><\/div>\n\n<style>.kadence-column496_420487-38 > .kt-inside-inner-col,.kadence-column496_420487-38 > .kt-inside-inner-col:before{border-top-left-radius:0px;border-top-right-radius:0px;border-bottom-right-radius:0px;border-bottom-left-radius:0px;}.kadence-column496_420487-38 > .kt-inside-inner-col{column-gap:var(--global-kb-gap-sm, 1rem);}.kadence-column496_420487-38 > .kt-inside-inner-col{flex-direction:column;}.kadence-column496_420487-38 > .kt-inside-inner-col > .aligncenter{width:100%;}.kadence-column496_420487-38 > .kt-inside-inner-col:before{opacity:0.3;}.kadence-column496_420487-38{position:relative;}@media all and (max-width: 1024px){.kadence-column496_420487-38 > .kt-inside-inner-col{flex-direction:column;justify-content:center;}}@media all and (max-width: 767px){.kadence-column496_420487-38 > .kt-inside-inner-col{flex-direction:column;justify-content:center;}}<\/style>\n<div class=\"wp-block-kadence-column kadence-column496_420487-38\"><div class=\"kt-inside-inner-col\"><\/div><\/div>\n\n\n<style>.wp-block-kadence-column.kb-section-dir-horizontal > .kt-inside-inner-col > .kt-info-box496_024c74-da .kt-blocks-info-box-link-wrap{max-width:unset;}.kt-info-box496_024c74-da .kt-blocks-info-box-link-wrap{border-top:5px solid #72a3d4;border-right:5px solid #72a3d4;border-bottom:5px solid #72a3d4;border-left:5px solid #72a3d4;border-top-left-radius:20px;border-top-right-radius:20px;border-bottom-right-radius:20px;border-bottom-left-radius:20px;background:#ffffff;padding-top:var(--global-kb-spacing-sm, 1.5rem);padding-right:var(--global-kb-spacing-sm, 1.5rem);padding-bottom:var(--global-kb-spacing-sm, 1.5rem);padding-left:var(--global-kb-spacing-sm, 1.5rem);margin-top:50px;}.kt-info-box496_024c74-da.wp-block-kadence-infobox{max-width:100%;}.kt-info-box496_024c74-da .kadence-info-box-image-inner-intrisic-container{max-width:143px;}.kt-info-box496_024c74-da .kadence-info-box-image-inner-intrisic-container .kadence-info-box-image-intrisic{padding-bottom:133.33%;width:143px;height:0px;max-width:100%;}.kt-info-box496_024c74-da .kadence-info-box-icon-container .kt-info-svg-icon, .kt-info-box496_024c74-da .kt-info-svg-icon-flip, .kt-info-box496_024c74-da .kt-blocks-info-box-number{font-size:50px;}.kt-info-box496_024c74-da .kt-blocks-info-box-media{background:#ffffff;border-color:var(u002du002dglobal-palette7, #eeeeee);border-radius:200px;overflow:hidden;border-top-width:5px;border-right-width:5px;border-bottom-width:5px;border-left-width:5px;padding-top:20px;padding-right:20px;padding-bottom:20px;padding-left:20px;}.kt-info-box496_024c74-da .kt-blocks-info-box-media-container{margin-top:-75px;margin-right:0px;margin-bottom:20px;margin-left:0px;}.kt-info-box496_024c74-da .kt-blocks-info-box-media .kadence-info-box-image-intrisic img{border-radius:200px;}.kt-info-box496_024c74-da .kt-infobox-textcontent h2.kt-blocks-info-box-title{padding-top:0px;padding-right:0px;padding-bottom:0px;padding-left:0px;margin-top:5px;margin-right:0px;margin-bottom:10px;margin-left:0px;}.kt-info-box496_024c74-da .kt-blocks-info-box-learnmore{background:transparent;border-width:0px 0px 0px 0px;padding-top:4px;padding-right:8px;padding-bottom:4px;padding-left:8px;margin-top:10px;margin-right:0px;margin-bottom:10px;margin-left:0px;}@media all and (max-width: 1024px){.kt-info-box496_024c74-da .kt-blocks-info-box-link-wrap{border-top:5px solid #72a3d4;border-right:5px solid #72a3d4;border-bottom:5px solid #72a3d4;border-left:5px solid #72a3d4;}}@media all and (max-width: 767px){.kt-info-box496_024c74-da .kt-blocks-info-box-link-wrap{border-top:5px solid #72a3d4;border-right:5px solid #72a3d4;border-bottom:5px solid #72a3d4;border-left:5px solid #72a3d4;}}<\/style>\n<div class=\"wp-block-kadence-infobox kt-info-box496_024c74-da\"><span class=\"kt-blocks-info-box-link-wrap info-box-link kt-blocks-info-box-media-align-top kt-info-halign-center\" aria-label=\"Dr. Nehemias Moreno Mart\u00ednez\"><div class=\"kt-blocks-info-box-media-container\"><div class=\"kt-blocks-info-box-media kt-info-media-animate-none\"><div class=\"kadence-info-box-image-inner-intrisic-container\"><div class=\"kadence-info-box-image-intrisic kt-info-animate-none kb-info-box-image-ratio kb-info-box-image-ratio-port34\"><div class=\"kadence-info-box-image-inner-intrisic\"><img loading=\"lazy\" decoding=\"async\" src=\"https:\/\/matematicas.reduaz.mx\/profesionalizante_matedu\/wp-content\/uploads\/2025\/10\/Captura-de-pantalla-2025-10-30-153146.png\" alt=\"\" width=\"143\" height=\"159\" class=\"kt-info-box-image wp-image-497\"\/><\/div><\/div><\/div><\/div><\/div><div class=\"kt-infobox-textcontent\"><h2 class=\"kt-blocks-info-box-title\">Dr. Nehemias Moreno Mart\u00ednez<\/h2><p class=\"kt-blocks-info-box-text\">Estudi\u00f3 la Licenciatura en F\u00edsica en la Universidad Aut\u00f3noma del Estado de Morelos, M\u00e9xico. Curs\u00f3 estudios de Maestr\u00eda y el Doctorado en Ciencias con especialidad en Matem\u00e1tica Educativa en el Departamento de Matem\u00e1tica Educativa del CINVESTAV-IPN, M\u00e9xico. <br><br>Actualmente es Profesor Investigador de Tiempo Completo nivel VI en la Facultad de Ciencias de la Universidad Aut\u00f3noma de San Luis Potos\u00ed, UASLP. Es coordinador de los programas de Maestr\u00eda y Doctorado en Educaci\u00f3n y Ense\u00f1anza de la Facultad de Ciencias, es miembro del Sistema Nacional de Investigadores SNII 1 de M\u00e9xico, miembro del Cuerpo Acad\u00e9mico Curriculum Ense\u00f1anza de las Ciencias y Tecnolog\u00eda para la Educaci\u00f3n, cuenta con el Perfil Deseable Prodep de la SEP, es miembro de la Red de Centros de Investigaci\u00f3n en Matem\u00e1tica Educativa, Red Cimates M\u00e9xico, de la Asociaci\u00f3n Americana de Profesores de F\u00edsica secci\u00f3n M\u00e9xico AAPT-Mx,<br>del Comit\u00e9 Latinoamericano de Matem\u00e1tica Educativa, CLAME. <br><br>El Dr. Nehem\u00edas ha dirigido y codirigido trabajos de tesis de licenciatura y posgrado en Matem\u00e1tica Educativa, tambi\u00e9n ha publicado art\u00edculos de investigaci\u00f3n y divulgaci\u00f3n sobre did\u00e1ctica de la matem\u00e1tica y de las ciencias (adaptaciones de algunas teor\u00edas de Matem\u00e1tica Educativa a otras \u00e1reas escolares como la f\u00edsica y la qu\u00edmica), principalmente, sobre la l\u00ednea de<br>investigaci\u00f3n de los Mapas H\u00edbridos en la ense\u00f1anza y aprendizaje de las ciencias f\u00edsica y qu\u00edmica escolar.<\/p><\/div><\/span><\/div>\n\n\n\n<p class=\"has-text-align-center\"><a href=\"https:\/\/scholar.google.com\/citations?hl=es&amp;user=jtigTW0AAAAJ\">Productividad<\/a><\/p>\n\n\n\n<p><\/p>\n","protected":false},"excerpt":{"rendered":"<p>Productividad<\/p>\n","protected":false},"author":2,"featured_media":0,"parent":0,"menu_order":0,"comment_status":"closed","ping_status":"closed","template":"","meta":{"kt_blocks_editor_width":"","footnotes":""},"class_list":["post-496","page","type-page","status-publish","hentry"],"_links":{"self":[{"href":"https:\/\/matematicas.reduaz.mx\/profesionalizante_matedu\/index.php?rest_route=\/wp\/v2\/pages\/496","targetHints":{"allow":["GET"]}}],"collection":[{"href":"https:\/\/matematicas.reduaz.mx\/profesionalizante_matedu\/index.php?rest_route=\/wp\/v2\/pages"}],"about":[{"href":"https:\/\/matematicas.reduaz.mx\/profesionalizante_matedu\/index.php?rest_route=\/wp\/v2\/types\/page"}],"author":[{"embeddable":true,"href":"https:\/\/matematicas.reduaz.mx\/profesionalizante_matedu\/index.php?rest_route=\/wp\/v2\/users\/2"}],"replies":[{"embeddable":true,"href":"https:\/\/matematicas.reduaz.mx\/profesionalizante_matedu\/index.php?rest_route=%2Fwp%2Fv2%2Fcomments&post=496"}],"version-history":[{"count":1,"href":"https:\/\/matematicas.reduaz.mx\/profesionalizante_matedu\/index.php?rest_route=\/wp\/v2\/pages\/496\/revisions"}],"predecessor-version":[{"id":498,"href":"https:\/\/matematicas.reduaz.mx\/profesionalizante_matedu\/index.php?rest_route=\/wp\/v2\/pages\/496\/revisions\/498"}],"wp:attachment":[{"href":"https:\/\/matematicas.reduaz.mx\/profesionalizante_matedu\/index.php?rest_route=%2Fwp%2Fv2%2Fmedia&parent=496"}],"curies":[{"name":"wp","href":"https:\/\/api.w.org\/{rel}","templated":true}]}}