{"id":483,"date":"2025-10-28T20:10:18","date_gmt":"2025-10-29T02:10:18","guid":{"rendered":"https:\/\/matematicas.reduaz.mx\/profesionalizante_matedu\/?page_id=483"},"modified":"2025-10-28T20:10:18","modified_gmt":"2025-10-29T02:10:18","slug":"rodriguez-beatriz","status":"publish","type":"page","link":"https:\/\/matematicas.reduaz.mx\/profesionalizante_matedu\/?page_id=483","title":{"rendered":"Rodr\u00edguez, Beatriz"},"content":{"rendered":"<style>.kb-identity483_4e4e50-8b a{text-decoration:inherit;color:inherit;}.kb-identity483_4e4e50-8b .kb-identity-layout-container{align-items:center;}<\/style><div class=\"kb-identity kb-identity483_4e4e50-8b alignnone wp-block-kadence-identity\"><a href=\"https:\/\/matematicas.reduaz.mx\/profesionalizante_matedu\/\" class=\"kb-identity-layout-container kb-identity-layout-logo-left\">\n<div style=\"margin-right:var(--wp--preset--spacing--40);\" class=\"wp-block-site-logo\"><img loading=\"lazy\" decoding=\"async\" width=\"120\" height=\"18\" src=\"https:\/\/matematicas.reduaz.mx\/profesionalizante_matedu\/wp-content\/uploads\/2025\/10\/MembreteUAZ-UAM_25-29-1024x157-1.png\" class=\"custom-logo\" alt=\"Maestr\u00eda en Matem\u00e1tica Educativa\" srcset=\"https:\/\/matematicas.reduaz.mx\/profesionalizante_matedu\/wp-content\/uploads\/2025\/10\/MembreteUAZ-UAM_25-29-1024x157-1.png 1024w, https:\/\/matematicas.reduaz.mx\/profesionalizante_matedu\/wp-content\/uploads\/2025\/10\/MembreteUAZ-UAM_25-29-1024x157-1-300x46.png 300w, https:\/\/matematicas.reduaz.mx\/profesionalizante_matedu\/wp-content\/uploads\/2025\/10\/MembreteUAZ-UAM_25-29-1024x157-1-768x118.png 768w\" sizes=\"auto, (max-width: 120px) 100vw, 120px\" \/><\/div>\n\n<p class=\"wp-block-site-title\">Maestr\u00eda en Matem\u00e1tica Educativa<\/p>\n<\/a><\/div>\n\n<style>.kadence-column483_24d439-f2 > .kt-inside-inner-col,.kadence-column483_24d439-f2 > .kt-inside-inner-col:before{border-top-left-radius:0px;border-top-right-radius:0px;border-bottom-right-radius:0px;border-bottom-left-radius:0px;}.kadence-column483_24d439-f2 > .kt-inside-inner-col{column-gap:var(--global-kb-gap-sm, 1rem);}.kadence-column483_24d439-f2 > .kt-inside-inner-col{flex-direction:column;}.kadence-column483_24d439-f2 > .kt-inside-inner-col > .aligncenter{width:100%;}.kadence-column483_24d439-f2 > .kt-inside-inner-col:before{opacity:0.3;}.kadence-column483_24d439-f2{position:relative;}@media all and (max-width: 1024px){.kadence-column483_24d439-f2 > .kt-inside-inner-col{flex-direction:column;justify-content:center;}}@media all and (max-width: 767px){.kadence-column483_24d439-f2 > .kt-inside-inner-col{flex-direction:column;justify-content:center;}}<\/style>\n<div class=\"wp-block-kadence-column kadence-column483_24d439-f2\"><div class=\"kt-inside-inner-col\"><\/div><\/div>\n\n\n<style>.wp-block-kadence-column.kb-section-dir-horizontal > .kt-inside-inner-col > .kt-info-box483_59cee9-3e .kt-blocks-info-box-link-wrap{max-width:unset;}.kt-info-box483_59cee9-3e .kt-blocks-info-box-link-wrap{border-top:5px solid #72a3d4;border-right:5px solid #72a3d4;border-bottom:5px solid #72a3d4;border-left:5px solid #72a3d4;border-top-left-radius:20px;border-top-right-radius:20px;border-bottom-right-radius:20px;border-bottom-left-radius:20px;background:#ffffff;padding-top:var(--global-kb-spacing-sm, 1.5rem);padding-right:var(--global-kb-spacing-sm, 1.5rem);padding-bottom:var(--global-kb-spacing-sm, 1.5rem);padding-left:var(--global-kb-spacing-sm, 1.5rem);margin-top:50px;}.kt-info-box483_59cee9-3e.wp-block-kadence-infobox{max-width:100%;}.kt-info-box483_59cee9-3e .kadence-info-box-image-inner-intrisic-container{max-width:140px;}.kt-info-box483_59cee9-3e .kadence-info-box-image-inner-intrisic-container .kadence-info-box-image-intrisic{padding-bottom:133.33%;width:140px;height:0px;max-width:100%;}.kt-info-box483_59cee9-3e .kadence-info-box-icon-container .kt-info-svg-icon, .kt-info-box483_59cee9-3e .kt-info-svg-icon-flip, .kt-info-box483_59cee9-3e .kt-blocks-info-box-number{font-size:50px;}.kt-info-box483_59cee9-3e .kt-blocks-info-box-media{background:#ffffff;border-color:var(u002du002dglobal-palette7, #eeeeee);border-radius:200px;overflow:hidden;border-top-width:5px;border-right-width:5px;border-bottom-width:5px;border-left-width:5px;padding-top:20px;padding-right:20px;padding-bottom:20px;padding-left:20px;}.kt-info-box483_59cee9-3e .kt-blocks-info-box-media-container{margin-top:-75px;margin-right:0px;margin-bottom:20px;margin-left:0px;}.kt-info-box483_59cee9-3e .kt-blocks-info-box-media .kadence-info-box-image-intrisic img{border-radius:200px;}.kt-info-box483_59cee9-3e .kt-infobox-textcontent h2.kt-blocks-info-box-title{padding-top:0px;padding-right:0px;padding-bottom:0px;padding-left:0px;margin-top:5px;margin-right:0px;margin-bottom:10px;margin-left:0px;}.kt-info-box483_59cee9-3e .kt-blocks-info-box-learnmore{background:transparent;border-width:0px 0px 0px 0px;padding-top:4px;padding-right:8px;padding-bottom:4px;padding-left:8px;margin-top:10px;margin-right:0px;margin-bottom:10px;margin-left:0px;}@media all and (max-width: 1024px){.kt-info-box483_59cee9-3e .kt-blocks-info-box-link-wrap{border-top:5px solid #72a3d4;border-right:5px solid #72a3d4;border-bottom:5px solid #72a3d4;border-left:5px solid #72a3d4;}}@media all and (max-width: 767px){.kt-info-box483_59cee9-3e .kt-blocks-info-box-link-wrap{border-top:5px solid #72a3d4;border-right:5px solid #72a3d4;border-bottom:5px solid #72a3d4;border-left:5px solid #72a3d4;}}<\/style>\n<div class=\"wp-block-kadence-infobox kt-info-box483_59cee9-3e\"><span class=\"kt-blocks-info-box-link-wrap info-box-link kt-blocks-info-box-media-align-top kt-info-halign-center\" aria-label=\"Dra. Beatriz Rodr\u00edguez\"><div class=\"kt-blocks-info-box-media-container\"><div class=\"kt-blocks-info-box-media kt-info-media-animate-none\"><div class=\"kadence-info-box-image-inner-intrisic-container\"><div class=\"kadence-info-box-image-intrisic kt-info-animate-none kb-info-box-image-ratio kb-info-box-image-ratio-port34\"><div class=\"kadence-info-box-image-inner-intrisic\"><img loading=\"lazy\" decoding=\"async\" src=\"https:\/\/matematicas.reduaz.mx\/profesionalizante_matedu\/wp-content\/uploads\/2025\/10\/Captura-de-pantalla-2025-10-28-200753.png\" alt=\"\" width=\"140\" height=\"177\" class=\"kt-info-box-image wp-image-484\"\/><\/div><\/div><\/div><\/div><\/div><div class=\"kt-infobox-textcontent\"><h2 class=\"kt-blocks-info-box-title\">Dra. Beatriz Adriana Rodr\u00edguez Gonz\u00e1lez<\/h2><p class=\"kt-blocks-info-box-text\">Doctora en Matema\u0301tica Educativa egresada del Instituto Polit\u00e9cnico Nacional (CICATA), Maestra en Matem\u00e1tica Educativa y Econom\u00eda Regional egresada de la Universidad Aut\u00f3noma de Zacatecas y Universidad Aut\u00f3noma de Coahuila respectivamente. Actualmente realiza estancia Posdoctoral en la Universidad Aut\u00f3noma de Zacatecas del programa \u201cEstancias Posdoctorales por M\u00e9xico 2022- CONACHYT\u201d bajo la asesor\u00eda de la Dra. Judith Alejandra Hern\u00e1ndez S\u00e1nchez.<br><br>Ponente en m\u00e1s de 15 congresos internacionales incluyendo RELME, ICOTS e ICME con presencia en pa\u00edses como Argentina, Per\u00fa, Rep\u00fablica Dominicana, Cuba y Jap\u00f3n. Ha publicado 12 art\u00edculos en la l\u00ednea de investigaci\u00f3n de Educaci\u00f3n Estad\u00edstica y co-dirigido tesis de maestr\u00eda y doctorado. <br><br>M\u00e1s de 20 a\u00f1os de experiencia como profesor en el \u00e1rea de estad\u00edstica en la Universidad Polit\u00e9cnica de Zacatecas(UPZ), Universidad Aut\u00f3noma de Durango (UAD), y Universidad Aut\u00f3noma de Zacatecas donde actualmente imparte cursos en la licenciatura en actuar\u00eda. Es miembro activo de la SOMIDEM (Sociedad Mexicana de Investigaci\u00f3n y Divulgaci\u00f3n de la Educaci\u00f3n Matem\u00e1tica A.C.), colabora con el grupo CASIO Education y pertenece al Sistema Nacional de Investigadores Nivel I.<br><br>L\u00edneas de investigaci\u00f3n<br>Educaci\u00f3n Estad\u00edstica, Esta l\u00ednea de investigaci\u00f3n tiene como particular objetivo mejorar la ense\u00f1anza y aprendizaje de la estad\u00edstica. Estudia la forma de razonar con informaci\u00f3n,<br>incertidumbre y variabilidad.<br>Pensamiento estad\u00edstico y probabil\u00edstico. Did\u00e1ctica de la estad\u00edstica y la probabilidad. Razonamiento estad\u00edstico y probabil\u00edstico. Curr\u00edculum en Estad\u00edstica. Uso de tecnolog\u00eda en educaci\u00f3n estad\u00edstica. Particularmente el uso de la calculadora en nivel medio, medio superior y superior.<br>x<\/p><\/div><\/span><\/div>\n\n\n\n<p class=\"has-text-align-center\"><a href=\"https:\/\/scholar.google.com\/citations?hl=es&amp;user=nEvdG_sAAAAJ\">Productividad <\/a><\/p>\n\n\n\n<p><\/p>\n","protected":false},"excerpt":{"rendered":"<p>Productividad<\/p>\n","protected":false},"author":2,"featured_media":0,"parent":0,"menu_order":0,"comment_status":"closed","ping_status":"closed","template":"","meta":{"kt_blocks_editor_width":"","footnotes":""},"class_list":["post-483","page","type-page","status-publish","hentry"],"_links":{"self":[{"href":"https:\/\/matematicas.reduaz.mx\/profesionalizante_matedu\/index.php?rest_route=\/wp\/v2\/pages\/483","targetHints":{"allow":["GET"]}}],"collection":[{"href":"https:\/\/matematicas.reduaz.mx\/profesionalizante_matedu\/index.php?rest_route=\/wp\/v2\/pages"}],"about":[{"href":"https:\/\/matematicas.reduaz.mx\/profesionalizante_matedu\/index.php?rest_route=\/wp\/v2\/types\/page"}],"author":[{"embeddable":true,"href":"https:\/\/matematicas.reduaz.mx\/profesionalizante_matedu\/index.php?rest_route=\/wp\/v2\/users\/2"}],"replies":[{"embeddable":true,"href":"https:\/\/matematicas.reduaz.mx\/profesionalizante_matedu\/index.php?rest_route=%2Fwp%2Fv2%2Fcomments&post=483"}],"version-history":[{"count":1,"href":"https:\/\/matematicas.reduaz.mx\/profesionalizante_matedu\/index.php?rest_route=\/wp\/v2\/pages\/483\/revisions"}],"predecessor-version":[{"id":485,"href":"https:\/\/matematicas.reduaz.mx\/profesionalizante_matedu\/index.php?rest_route=\/wp\/v2\/pages\/483\/revisions\/485"}],"wp:attachment":[{"href":"https:\/\/matematicas.reduaz.mx\/profesionalizante_matedu\/index.php?rest_route=%2Fwp%2Fv2%2Fmedia&parent=483"}],"curies":[{"name":"wp","href":"https:\/\/api.w.org\/{rel}","templated":true}]}}