{"id":449,"date":"2025-10-20T15:34:12","date_gmt":"2025-10-20T21:34:12","guid":{"rendered":"https:\/\/matematicas.reduaz.mx\/profesionalizante_matedu\/?page_id=449"},"modified":"2025-10-20T15:34:12","modified_gmt":"2025-10-20T21:34:12","slug":"sosa-leticia","status":"publish","type":"page","link":"https:\/\/matematicas.reduaz.mx\/profesionalizante_matedu\/?page_id=449","title":{"rendered":"Sosa, Leticia"},"content":{"rendered":"<style>.kb-identity449_27592b-73 a{text-decoration:inherit;color:inherit;}.kb-identity449_27592b-73 .kb-identity-layout-container{align-items:center;}<\/style><div class=\"kb-identity kb-identity449_27592b-73 alignnone wp-block-kadence-identity\"><a href=\"https:\/\/matematicas.reduaz.mx\/profesionalizante_matedu\/\" class=\"kb-identity-layout-container kb-identity-layout-logo-left\">\n<div style=\"margin-right:var(--wp--preset--spacing--40);\" class=\"wp-block-site-logo\"><img loading=\"lazy\" decoding=\"async\" width=\"120\" height=\"18\" src=\"https:\/\/matematicas.reduaz.mx\/profesionalizante_matedu\/wp-content\/uploads\/2025\/10\/MembreteUAZ-UAM_25-29-1024x157-1.png\" class=\"custom-logo\" alt=\"Maestr\u00eda en Matem\u00e1tica Educativa\" srcset=\"https:\/\/matematicas.reduaz.mx\/profesionalizante_matedu\/wp-content\/uploads\/2025\/10\/MembreteUAZ-UAM_25-29-1024x157-1.png 1024w, https:\/\/matematicas.reduaz.mx\/profesionalizante_matedu\/wp-content\/uploads\/2025\/10\/MembreteUAZ-UAM_25-29-1024x157-1-300x46.png 300w, https:\/\/matematicas.reduaz.mx\/profesionalizante_matedu\/wp-content\/uploads\/2025\/10\/MembreteUAZ-UAM_25-29-1024x157-1-768x118.png 768w\" sizes=\"auto, (max-width: 120px) 100vw, 120px\" \/><\/div>\n\n<p class=\"wp-block-site-title\">Maestr\u00eda en Matem\u00e1tica Educativa<\/p>\n<\/a><\/div>\n\n<style>.kadence-column449_dbdce8-87 > .kt-inside-inner-col,.kadence-column449_dbdce8-87 > .kt-inside-inner-col:before{border-top-left-radius:0px;border-top-right-radius:0px;border-bottom-right-radius:0px;border-bottom-left-radius:0px;}.kadence-column449_dbdce8-87 > .kt-inside-inner-col{column-gap:var(--global-kb-gap-sm, 1rem);}.kadence-column449_dbdce8-87 > .kt-inside-inner-col{flex-direction:column;}.kadence-column449_dbdce8-87 > .kt-inside-inner-col > .aligncenter{width:100%;}.kadence-column449_dbdce8-87 > .kt-inside-inner-col:before{opacity:0.3;}.kadence-column449_dbdce8-87{position:relative;}@media all and (max-width: 1024px){.kadence-column449_dbdce8-87 > .kt-inside-inner-col{flex-direction:column;justify-content:center;}}@media all and (max-width: 767px){.kadence-column449_dbdce8-87 > .kt-inside-inner-col{flex-direction:column;justify-content:center;}}<\/style>\n<div class=\"wp-block-kadence-column kadence-column449_dbdce8-87\"><div class=\"kt-inside-inner-col\"><\/div><\/div>\n\n\n<style>.wp-block-kadence-column.kb-section-dir-horizontal > .kt-inside-inner-col > .kt-info-box449_2bfb51-d1 .kt-blocks-info-box-link-wrap{max-width:unset;}.kt-info-box449_2bfb51-d1 .kt-blocks-info-box-link-wrap{border-top:5px solid #72a3d4;border-right:5px solid #72a3d4;border-bottom:5px solid #72a3d4;border-left:5px solid #72a3d4;border-top-left-radius:20px;border-top-right-radius:20px;border-bottom-right-radius:20px;border-bottom-left-radius:20px;background:#ffffff;padding-top:var(--global-kb-spacing-sm, 1.5rem);padding-right:var(--global-kb-spacing-sm, 1.5rem);padding-bottom:var(--global-kb-spacing-sm, 1.5rem);padding-left:var(--global-kb-spacing-sm, 1.5rem);margin-top:50px;}.kt-info-box449_2bfb51-d1.wp-block-kadence-infobox{max-width:100%;}.kt-info-box449_2bfb51-d1 .kadence-info-box-image-inner-intrisic-container{max-width:114px;}.kt-info-box449_2bfb51-d1 .kadence-info-box-image-inner-intrisic-container .kadence-info-box-image-intrisic{padding-bottom:133.33%;width:150px;height:0px;max-width:100%;}.kt-info-box449_2bfb51-d1 .kadence-info-box-icon-container .kt-info-svg-icon, .kt-info-box449_2bfb51-d1 .kt-info-svg-icon-flip, .kt-info-box449_2bfb51-d1 .kt-blocks-info-box-number{font-size:50px;}.kt-info-box449_2bfb51-d1 .kt-blocks-info-box-media{background:#ffffff;border-color:var(u002du002dglobal-palette7, #eeeeee);border-radius:200px;overflow:hidden;border-top-width:5px;border-right-width:5px;border-bottom-width:5px;border-left-width:5px;padding-top:20px;padding-right:20px;padding-bottom:20px;padding-left:20px;}.kt-info-box449_2bfb51-d1 .kt-blocks-info-box-media-container{margin-top:-75px;margin-right:0px;margin-bottom:20px;margin-left:0px;}.kt-info-box449_2bfb51-d1 .kt-blocks-info-box-media .kadence-info-box-image-intrisic img{border-radius:200px;}.kt-info-box449_2bfb51-d1 .kt-infobox-textcontent h2.kt-blocks-info-box-title{padding-top:0px;padding-right:0px;padding-bottom:0px;padding-left:0px;margin-top:5px;margin-right:0px;margin-bottom:10px;margin-left:0px;}.kt-info-box449_2bfb51-d1 .kt-blocks-info-box-learnmore{background:transparent;border-width:0px 0px 0px 0px;padding-top:4px;padding-right:8px;padding-bottom:4px;padding-left:8px;margin-top:10px;margin-right:0px;margin-bottom:10px;margin-left:0px;}@media all and (max-width: 1024px){.kt-info-box449_2bfb51-d1 .kt-blocks-info-box-link-wrap{border-top:5px solid #72a3d4;border-right:5px solid #72a3d4;border-bottom:5px solid #72a3d4;border-left:5px solid #72a3d4;}}@media all and (max-width: 767px){.kt-info-box449_2bfb51-d1 .kt-blocks-info-box-link-wrap{border-top:5px solid #72a3d4;border-right:5px solid #72a3d4;border-bottom:5px solid #72a3d4;border-left:5px solid #72a3d4;}}<\/style>\n<div class=\"wp-block-kadence-infobox kt-info-box449_2bfb51-d1\"><span class=\"kt-blocks-info-box-link-wrap info-box-link kt-blocks-info-box-media-align-top kt-info-halign-center\" aria-label=\"Dra. Leticia Sosa Guerrero\"><div class=\"kt-blocks-info-box-media-container\"><div class=\"kt-blocks-info-box-media kt-info-media-animate-none\"><div class=\"kadence-info-box-image-inner-intrisic-container\"><div class=\"kadence-info-box-image-intrisic kt-info-animate-none kb-info-box-image-ratio kb-info-box-image-ratio-port34\"><div class=\"kadence-info-box-image-inner-intrisic\"><img loading=\"lazy\" decoding=\"async\" src=\"https:\/\/matematicas.reduaz.mx\/profesionalizante_matedu\/wp-content\/uploads\/2025\/10\/Lety-150x150.jpg\" alt=\"Leticia Sosa\" width=\"150\" height=\"150\" class=\"kt-info-box-image wp-image-450\" srcset=\"https:\/\/matematicas.reduaz.mx\/profesionalizante_matedu\/wp-content\/uploads\/2025\/10\/Lety-150x150.jpg 150w, https:\/\/matematicas.reduaz.mx\/profesionalizante_matedu\/wp-content\/uploads\/2025\/10\/Lety-300x300.jpg 300w\" sizes=\"auto, (max-width: 150px) 100vw, 150px\" \/><\/div><\/div><\/div><\/div><\/div><div class=\"kt-infobox-textcontent\"><h2 class=\"kt-blocks-info-box-title\">Dra. Leticia Sosa Guerrero<\/h2><p class=\"kt-blocks-info-box-text\">Docente-Investigadora de la Unidad Acad\u00e9mica de Matem\u00e1ticas de la Universidad Aut\u00f3noma de Zacatecas (UAZ). Ella es la primera doctora en Did\u00e1ctica de las Matem\u00e1ticas y l\u00edder del primer cuerpo acad\u00e9mico consolidado en dicha Unidad Acad\u00e9mica. Adem\u00e1s, tiene perfil Promep y es miembro del Sistema Nacional de Investigadores (SNI).<br>La Dra. Sosa es Licenciada en Matem\u00e1ticas, cuenta con tres maestr\u00edas, una en la UAZ con colaboraci\u00f3n del CIMAT, otra en el CINVESTAV y una m\u00e1s en la UHU. Ella realiz\u00f3 el Doctorado en Did\u00e1ctica de las Matem\u00e1ticas con la m\u00e1s alta calificaci\u00f3n y menci\u00f3n CUM LAUDE en la Universidad de Huelva (Espa\u00f1a). Adem\u00e1s, ella cuenta con posdoctorado en la Universidad de Algarve (Portugal). La Dra. Sosa ha sido organizadora de varios eventos acad\u00e9micos nacionales e internacionales, incluso tiene varias publicaciones de cap\u00edtulos de libro y art\u00edculos en revistas de alto reconocimiento internacional.<br>La Dra. Leticia, en octubre 2011 recibi\u00f3 el premio de la Sociedad Matem\u00e1tica Mexicana y la Fundaci\u00f3n Sof\u00eda Kovalevskaia 2011 para promover la investigaci\u00f3n por parte de las mujeres en cualquier \u00e1mbito de la Matem\u00e1tica. La Dra. Sosa, ha participado como conferensista magistral por invitaci\u00f3n en varios congresos nacionales e internacionales, recientemente en 2025 fue invitada a Brasil como conferensista inagural en el I Seminario Internacional sobre Formaci\u00f3n de Profesores en Matem\u00e1ticas y a participar en la formaci\u00f3n y planificaci\u00f3n del equipo de Matem\u00e1tica Cuadrado, un programa en el que se pretende formar aproximadamente a 26 mil profesores de matem\u00e1ticas en los pr\u00f3ximos 10 a\u00f1os.<br>\u00a0<br>Ella tiene amplia experiencia en el \u00e1mbito de formaci\u00f3n de profesores, principalmente en cuanto al conocimiento matem\u00e1tico para la ense\u00f1anza (MKT) y el conocimiento especializado del profesor de Matem\u00e1ticas (MTSK) en la profesionalizaci\u00f3n docente. Esto incluye el conocimiento del profesor en cuanto a las caracter\u00edsticas de aprendizaje de los alumnos, la ense\u00f1anza de las matem\u00e1ticas, al origen, uso u aplicaci\u00f3n del contenido matem\u00e1tico, a c\u00f3mo se conectan los contenidos matem\u00e1ticos y c\u00f3mo resolver problemas con situaciones reales para construir pensamiento flexible y contextualizado.<br>La Dra. Sosa adem\u00e1s ha participado activamente en la actualizaci\u00f3n y dise\u00f1o de los programas de la Unidad Acad\u00e9mica (cabe mencionar que tanto el programa de Licenciatura como el de la Maestr\u00eda han obtenido la distinci\u00f3n m\u00e1s alta de calidad nacional). Leticia ha sido invitada para ser sinodal de tesis de posgrado por parte de varias instituciones nacionales e internacionales de prestigio como CINVESTAV, UPN, CICATA, Pontificia Universidad Cat\u00f3lica de Valpara\u00edso (Chile), Universidad Alberto Hurtado (Chile), Universidad del Valle (Colombia) y Universidad Aut\u00f3noma de Guerrero.\u00a0<br>Ella cuenta con varios reconocimientos de diversas instituciones nacionales e internacionales. A la fecha, cuenta con una Nota Laudatoria por el evidente desempe\u00f1o en actividades matem\u00e1ticas como docente gestor de acciones para beneficio de la juventud zacatecana, la preservaci\u00f3n y mejoramiento de la instituci\u00f3n, as\u00ed como para bien de la sociedad. Inclusive en 2019 fue reconocida por el SIZART como una de las 10 cient\u00edficas destacadas de Zacatecas (y por ello hicieron un peque\u00f1o documental en la serie Ellas hacen Ciencia.<br>La Dra. Sosa es miembro de la Red Iberoamericana del MTSK reconocida por la Asociaci\u00f3n Universitaria Iberoamericana de Postgrado (AUIP). Adem\u00e1s ha realizado estancias en la Universidad de Cambridge, Inglaterra; en la Universidad de Michigan (School of Education, Ann Arbor), USA; en el Departamento de Matem\u00e1ticas de la Universidad de Qu\u00e9bec en Montreal (UQAM), Canad\u00e1; en la Universidad de Villa Mar\u00eda, C\u00f3rdoba, Argentina y en la Pontificia Universidad Cat\u00f3lica de Valparaiso, Chile. Adem\u00e1s particip\u00f3 en la Fifth YERME Summer School Poggio San Francesco, Italia.\u00a0<br>Ella forma parte de varios grupos de investigaci\u00f3n tanto nacionales como internacionales. En todos estos grupos se trabajan l\u00edneas de generaci\u00f3n y aplicaci\u00f3n del conocimiento acordes a las establecidas en la Maestr\u00eda.<br><strong>Sus temas de inter\u00e9s son:<\/strong><br>Conocimientos del profesor.<br>Caracter\u00edsticas de aprendizaje de los alumnos (errores comunes, dificultades, obst\u00e1culos).<br>La ense\u00f1anza de las matem\u00e1ticas con material did\u00e1ctico tangible y\/o con tecnolog\u00eda.<br>Aplicaci\u00f3n, uso u origen del contenido matem\u00e1tico.<br>Conectar el contenido matem\u00e1tico con otros contenidos.<br>Resolver problemas en situaciones reales, contextualizadas.<br>Pensamiento Algebraico<\/p><\/div><\/span><\/div>\n\n\n\n<p class=\"has-text-align-center\">Productividad<\/p>\n\n\n\n<p><\/p>\n","protected":false},"excerpt":{"rendered":"<p>Productividad<\/p>\n","protected":false},"author":2,"featured_media":0,"parent":0,"menu_order":0,"comment_status":"closed","ping_status":"closed","template":"","meta":{"kt_blocks_editor_width":"","footnotes":""},"class_list":["post-449","page","type-page","status-publish","hentry"],"_links":{"self":[{"href":"https:\/\/matematicas.reduaz.mx\/profesionalizante_matedu\/index.php?rest_route=\/wp\/v2\/pages\/449","targetHints":{"allow":["GET"]}}],"collection":[{"href":"https:\/\/matematicas.reduaz.mx\/profesionalizante_matedu\/index.php?rest_route=\/wp\/v2\/pages"}],"about":[{"href":"https:\/\/matematicas.reduaz.mx\/profesionalizante_matedu\/index.php?rest_route=\/wp\/v2\/types\/page"}],"author":[{"embeddable":true,"href":"https:\/\/matematicas.reduaz.mx\/profesionalizante_matedu\/index.php?rest_route=\/wp\/v2\/users\/2"}],"replies":[{"embeddable":true,"href":"https:\/\/matematicas.reduaz.mx\/profesionalizante_matedu\/index.php?rest_route=%2Fwp%2Fv2%2Fcomments&post=449"}],"version-history":[{"count":1,"href":"https:\/\/matematicas.reduaz.mx\/profesionalizante_matedu\/index.php?rest_route=\/wp\/v2\/pages\/449\/revisions"}],"predecessor-version":[{"id":451,"href":"https:\/\/matematicas.reduaz.mx\/profesionalizante_matedu\/index.php?rest_route=\/wp\/v2\/pages\/449\/revisions\/451"}],"wp:attachment":[{"href":"https:\/\/matematicas.reduaz.mx\/profesionalizante_matedu\/index.php?rest_route=%2Fwp%2Fv2%2Fmedia&parent=449"}],"curies":[{"name":"wp","href":"https:\/\/api.w.org\/{rel}","templated":true}]}}