{"id":438,"date":"2025-10-20T15:13:04","date_gmt":"2025-10-20T21:13:04","guid":{"rendered":"https:\/\/matematicas.reduaz.mx\/profesionalizante_matedu\/?page_id=438"},"modified":"2025-10-20T15:35:02","modified_gmt":"2025-10-20T21:35:02","slug":"briceno-eduardo","status":"publish","type":"page","link":"https:\/\/matematicas.reduaz.mx\/profesionalizante_matedu\/?page_id=438","title":{"rendered":"Brice\u00f1o, Eduardo"},"content":{"rendered":"<style>.kb-identity438_0359ea-91 a{text-decoration:inherit;color:inherit;}.kb-identity438_0359ea-91 .kb-identity-layout-container{align-items:center;}<\/style><div class=\"kb-identity kb-identity438_0359ea-91 alignnone wp-block-kadence-identity\"><a href=\"https:\/\/matematicas.reduaz.mx\/profesionalizante_matedu\/\" class=\"kb-identity-layout-container kb-identity-layout-logo-left\">\n<div style=\"margin-right:var(--wp--preset--spacing--40);\" class=\"wp-block-site-logo\"><img loading=\"lazy\" decoding=\"async\" width=\"120\" height=\"18\" src=\"https:\/\/matematicas.reduaz.mx\/profesionalizante_matedu\/wp-content\/uploads\/2025\/10\/MembreteUAZ-UAM_25-29-1024x157-1.png\" class=\"custom-logo\" alt=\"Maestr\u00eda en Matem\u00e1tica Educativa\" srcset=\"https:\/\/matematicas.reduaz.mx\/profesionalizante_matedu\/wp-content\/uploads\/2025\/10\/MembreteUAZ-UAM_25-29-1024x157-1.png 1024w, https:\/\/matematicas.reduaz.mx\/profesionalizante_matedu\/wp-content\/uploads\/2025\/10\/MembreteUAZ-UAM_25-29-1024x157-1-300x46.png 300w, https:\/\/matematicas.reduaz.mx\/profesionalizante_matedu\/wp-content\/uploads\/2025\/10\/MembreteUAZ-UAM_25-29-1024x157-1-768x118.png 768w\" sizes=\"auto, (max-width: 120px) 100vw, 120px\" \/><\/div>\n\n<p class=\"wp-block-site-title\">Maestr\u00eda en Matem\u00e1tica Educativa<\/p>\n<\/a><\/div>\n\n<style>.kadence-column438_383248-54 > .kt-inside-inner-col,.kadence-column438_383248-54 > .kt-inside-inner-col:before{border-top-left-radius:0px;border-top-right-radius:0px;border-bottom-right-radius:0px;border-bottom-left-radius:0px;}.kadence-column438_383248-54 > .kt-inside-inner-col{column-gap:var(--global-kb-gap-sm, 1rem);}.kadence-column438_383248-54 > .kt-inside-inner-col{flex-direction:column;}.kadence-column438_383248-54 > .kt-inside-inner-col > .aligncenter{width:100%;}.kadence-column438_383248-54 > .kt-inside-inner-col:before{opacity:0.3;}.kadence-column438_383248-54{position:relative;}@media all and (max-width: 1024px){.kadence-column438_383248-54 > .kt-inside-inner-col{flex-direction:column;justify-content:center;}}@media all and (max-width: 767px){.kadence-column438_383248-54 > .kt-inside-inner-col{flex-direction:column;justify-content:center;}}<\/style>\n<div class=\"wp-block-kadence-column kadence-column438_383248-54\"><div class=\"kt-inside-inner-col\"><\/div><\/div>\n\n\n<style>.wp-block-kadence-column.kb-section-dir-horizontal > .kt-inside-inner-col > .kt-info-box438_062e5a-25 .kt-blocks-info-box-link-wrap{max-width:unset;}.kt-info-box438_062e5a-25 .kt-blocks-info-box-link-wrap{border-top:5px solid #72a3d4;border-right:5px solid #72a3d4;border-bottom:5px solid #72a3d4;border-left:5px solid #72a3d4;border-top-left-radius:20px;border-top-right-radius:20px;border-bottom-right-radius:20px;border-bottom-left-radius:20px;background:#ffffff;padding-top:var(--global-kb-spacing-sm, 1.5rem);padding-right:var(--global-kb-spacing-sm, 1.5rem);padding-bottom:var(--global-kb-spacing-sm, 1.5rem);padding-left:var(--global-kb-spacing-sm, 1.5rem);margin-top:50px;}.kt-info-box438_062e5a-25.wp-block-kadence-infobox{max-width:100%;}.kt-info-box438_062e5a-25 .kadence-info-box-image-inner-intrisic-container{max-width:114px;}.kt-info-box438_062e5a-25 .kadence-info-box-image-inner-intrisic-container .kadence-info-box-image-intrisic{padding-bottom:133.33%;width:150px;height:0px;max-width:100%;}.kt-info-box438_062e5a-25 .kadence-info-box-icon-container .kt-info-svg-icon, .kt-info-box438_062e5a-25 .kt-info-svg-icon-flip, .kt-info-box438_062e5a-25 .kt-blocks-info-box-number{font-size:50px;}.kt-info-box438_062e5a-25 .kt-blocks-info-box-media{background:#ffffff;border-color:var(u002du002dglobal-palette7, #eeeeee);border-radius:200px;overflow:hidden;border-top-width:5px;border-right-width:5px;border-bottom-width:5px;border-left-width:5px;padding-top:20px;padding-right:20px;padding-bottom:20px;padding-left:20px;}.kt-info-box438_062e5a-25 .kt-blocks-info-box-media-container{margin-top:-75px;margin-right:0px;margin-bottom:20px;margin-left:0px;}.kt-info-box438_062e5a-25 .kt-blocks-info-box-media .kadence-info-box-image-intrisic img{border-radius:200px;}.kt-info-box438_062e5a-25 .kt-infobox-textcontent h2.kt-blocks-info-box-title{padding-top:0px;padding-right:0px;padding-bottom:0px;padding-left:0px;margin-top:5px;margin-right:0px;margin-bottom:10px;margin-left:0px;}.kt-info-box438_062e5a-25 .kt-blocks-info-box-learnmore{background:transparent;border-width:0px 0px 0px 0px;padding-top:4px;padding-right:8px;padding-bottom:4px;padding-left:8px;margin-top:10px;margin-right:0px;margin-bottom:10px;margin-left:0px;}@media all and (max-width: 1024px){.kt-info-box438_062e5a-25 .kt-blocks-info-box-link-wrap{border-top:5px solid #72a3d4;border-right:5px solid #72a3d4;border-bottom:5px solid #72a3d4;border-left:5px solid #72a3d4;}}@media all and (max-width: 767px){.kt-info-box438_062e5a-25 .kt-blocks-info-box-link-wrap{border-top:5px solid #72a3d4;border-right:5px solid #72a3d4;border-bottom:5px solid #72a3d4;border-left:5px solid #72a3d4;}}<\/style>\n<div class=\"wp-block-kadence-infobox kt-info-box438_062e5a-25\"><span class=\"kt-blocks-info-box-link-wrap info-box-link kt-blocks-info-box-media-align-top kt-info-halign-center\" aria-label=\"Dr. Eduardo Carlos Brice\u00f1o Solis\"><div class=\"kt-blocks-info-box-media-container\"><div class=\"kt-blocks-info-box-media kt-info-media-animate-none\"><div class=\"kadence-info-box-image-inner-intrisic-container\"><div class=\"kadence-info-box-image-intrisic kt-info-animate-none kb-info-box-image-ratio kb-info-box-image-ratio-port34\"><div class=\"kadence-info-box-image-inner-intrisic\"><img loading=\"lazy\" decoding=\"async\" src=\"https:\/\/matematicas.reduaz.mx\/profesionalizante_matedu\/wp-content\/uploads\/2025\/10\/Captura-de-pantalla-2025-10-20-145830-150x150.png\" alt=\"\" width=\"150\" height=\"150\" class=\"kt-info-box-image wp-image-437\"\/><\/div><\/div><\/div><\/div><\/div><div class=\"kt-infobox-textcontent\"><h2 class=\"kt-blocks-info-box-title\">Dr. Eduardo Carlos Brice\u00f1o Solis<\/h2><p class=\"kt-blocks-info-box-text\">Licenciado en ense\u00f1anza de las matem\u00e1ticas por la Universidad Aut\u00f3noma de Yucat\u00e1n. Obtuvo el<br>grado de Maestro y Dr. en Ciencias con Especialidad en Matem\u00e1tica Educativa en el Centro de<br>Investigaci\u00f3n y de Estudios Avanzados del IPN (Cinvestav). Ha trabajado en la Maestr\u00eda<br>Profesionalizante en Matem\u00e1tica Educativa como profesor investigador en la Universidad de<br>Quintana Roo y actualmente en la Unidad de matem\u00e1ticas de la Universidad Aut\u00f3noma de<br>Zacatecas. Ha impartido cursos , ponencias, talleres y conferencias en congresos nacionales e<br>internacionales cuya tem\u00e1tica de inter\u00e9s es la construcci\u00f3n social del conocimiento matem\u00e1tico y el uso de recursos tecnol\u00f3gicos en los procesos de ense\u00f1anza de las matem\u00e1tica. Form\u00f3 parte en el consejo directivo de la Red de centros de investigaci\u00f3n en matem\u00e1tica educativa 2020 -2022 .<br>Actualmente es miembro del sistema nacional de investigadores, nivel 1, cuenta con PRODEP y es<br>l\u00edder del cuerpo acad\u00e9mico en vias de consolidaci\u00f3n de nombre \u201cla matem\u00e1tica educativa en la<br>profesionalizaci\u00f3n docente\u201d.<br><br><strong>L\u00edneas de investigaci\u00f3n<\/strong>:<br>Acercamientos socioculturales. En esta l\u00ednea de investigaci\u00f3n es de interes, llevar investigaciones en teor\u00edas de corte social como la Socioepistemolog\u00eda y Etnomatematica,<br>Uso de tecnolog\u00eda para la formaci\u00f3n docente en ense\u00f1anza y aprendizaje de contenidos<br>matem\u00e1ticos. Es de inter\u00e9s realizar estudios de dise\u00f1o o redise\u00f1o de situaciones de aprendizaje con el uso de recursos tecnol\u00f3gicos desde disitintos marco te\u00f3ricos como Genesis instrumenta, TPACK Teor\u00eda de representaciones y seres humanos con medios.<\/p><\/div><\/span><\/div>\n\n\n\n<p class=\"has-text-align-center\"><a href=\"https:\/\/scholar.google.com\/citations?user=F4ZyF1UAAAAJ&amp;hl=es\">Productividad<\/a><\/p>\n\n\n\n<p><\/p>\n","protected":false},"excerpt":{"rendered":"<p>Productividad<\/p>\n","protected":false},"author":2,"featured_media":0,"parent":0,"menu_order":0,"comment_status":"closed","ping_status":"closed","template":"","meta":{"kt_blocks_editor_width":"","footnotes":""},"class_list":["post-438","page","type-page","status-publish","hentry"],"_links":{"self":[{"href":"https:\/\/matematicas.reduaz.mx\/profesionalizante_matedu\/index.php?rest_route=\/wp\/v2\/pages\/438","targetHints":{"allow":["GET"]}}],"collection":[{"href":"https:\/\/matematicas.reduaz.mx\/profesionalizante_matedu\/index.php?rest_route=\/wp\/v2\/pages"}],"about":[{"href":"https:\/\/matematicas.reduaz.mx\/profesionalizante_matedu\/index.php?rest_route=\/wp\/v2\/types\/page"}],"author":[{"embeddable":true,"href":"https:\/\/matematicas.reduaz.mx\/profesionalizante_matedu\/index.php?rest_route=\/wp\/v2\/users\/2"}],"replies":[{"embeddable":true,"href":"https:\/\/matematicas.reduaz.mx\/profesionalizante_matedu\/index.php?rest_route=%2Fwp%2Fv2%2Fcomments&post=438"}],"version-history":[{"count":2,"href":"https:\/\/matematicas.reduaz.mx\/profesionalizante_matedu\/index.php?rest_route=\/wp\/v2\/pages\/438\/revisions"}],"predecessor-version":[{"id":453,"href":"https:\/\/matematicas.reduaz.mx\/profesionalizante_matedu\/index.php?rest_route=\/wp\/v2\/pages\/438\/revisions\/453"}],"wp:attachment":[{"href":"https:\/\/matematicas.reduaz.mx\/profesionalizante_matedu\/index.php?rest_route=%2Fwp%2Fv2%2Fmedia&parent=438"}],"curies":[{"name":"wp","href":"https:\/\/api.w.org\/{rel}","templated":true}]}}