{"id":428,"date":"2025-10-20T13:54:53","date_gmt":"2025-10-20T19:54:53","guid":{"rendered":"https:\/\/matematicas.reduaz.mx\/profesionalizante_matedu\/?page_id=428"},"modified":"2025-10-20T14:57:40","modified_gmt":"2025-10-20T20:57:40","slug":"judith-hernandez","status":"publish","type":"page","link":"https:\/\/matematicas.reduaz.mx\/profesionalizante_matedu\/?page_id=428","title":{"rendered":"Hern\u00e1ndez, Judith"},"content":{"rendered":"<style>.kb-identity428_3f0d45-af a{text-decoration:inherit;color:inherit;}.kb-identity428_3f0d45-af .kb-identity-layout-container{align-items:center;}<\/style><div class=\"kb-identity kb-identity428_3f0d45-af alignnone wp-block-kadence-identity\"><a href=\"https:\/\/matematicas.reduaz.mx\/profesionalizante_matedu\/\" class=\"kb-identity-layout-container kb-identity-layout-logo-left\">\n<div style=\"margin-right:var(--wp--preset--spacing--40);\" class=\"wp-block-site-logo\"><img loading=\"lazy\" decoding=\"async\" width=\"120\" height=\"18\" src=\"https:\/\/matematicas.reduaz.mx\/profesionalizante_matedu\/wp-content\/uploads\/2025\/10\/MembreteUAZ-UAM_25-29-1024x157-1.png\" class=\"custom-logo\" alt=\"Maestr\u00eda en Matem\u00e1tica Educativa\" srcset=\"https:\/\/matematicas.reduaz.mx\/profesionalizante_matedu\/wp-content\/uploads\/2025\/10\/MembreteUAZ-UAM_25-29-1024x157-1.png 1024w, https:\/\/matematicas.reduaz.mx\/profesionalizante_matedu\/wp-content\/uploads\/2025\/10\/MembreteUAZ-UAM_25-29-1024x157-1-300x46.png 300w, https:\/\/matematicas.reduaz.mx\/profesionalizante_matedu\/wp-content\/uploads\/2025\/10\/MembreteUAZ-UAM_25-29-1024x157-1-768x118.png 768w\" sizes=\"auto, (max-width: 120px) 100vw, 120px\" \/><\/div>\n\n<p class=\"wp-block-site-title\">Maestr\u00eda en Matem\u00e1tica Educativa<\/p>\n<\/a><\/div>\n\n<style>.kadence-column428_8e849a-54 > .kt-inside-inner-col,.kadence-column428_8e849a-54 > .kt-inside-inner-col:before{border-top-left-radius:0px;border-top-right-radius:0px;border-bottom-right-radius:0px;border-bottom-left-radius:0px;}.kadence-column428_8e849a-54 > .kt-inside-inner-col{column-gap:var(--global-kb-gap-sm, 1rem);}.kadence-column428_8e849a-54 > .kt-inside-inner-col{flex-direction:column;}.kadence-column428_8e849a-54 > .kt-inside-inner-col > .aligncenter{width:100%;}.kadence-column428_8e849a-54 > .kt-inside-inner-col:before{opacity:0.3;}.kadence-column428_8e849a-54{position:relative;}@media all and (max-width: 1024px){.kadence-column428_8e849a-54 > .kt-inside-inner-col{flex-direction:column;justify-content:center;}}@media all and (max-width: 767px){.kadence-column428_8e849a-54 > .kt-inside-inner-col{flex-direction:column;justify-content:center;}}<\/style>\n<div class=\"wp-block-kadence-column kadence-column428_8e849a-54\"><div class=\"kt-inside-inner-col\"><\/div><\/div>\n\n\n<style>.wp-block-kadence-column.kb-section-dir-horizontal > .kt-inside-inner-col > .kt-info-box428_eafa6f-06 .kt-blocks-info-box-link-wrap{max-width:unset;}.kt-info-box428_eafa6f-06 .kt-blocks-info-box-link-wrap{border-top:5px solid #72a3d4;border-right:5px solid #72a3d4;border-bottom:5px solid #72a3d4;border-left:5px solid #72a3d4;border-top-left-radius:20px;border-top-right-radius:20px;border-bottom-right-radius:20px;border-bottom-left-radius:20px;background:#ffffff;padding-top:var(--global-kb-spacing-sm, 1.5rem);padding-right:var(--global-kb-spacing-sm, 1.5rem);padding-bottom:var(--global-kb-spacing-sm, 1.5rem);padding-left:var(--global-kb-spacing-sm, 1.5rem);margin-top:50px;}.kt-info-box428_eafa6f-06.wp-block-kadence-infobox{max-width:100%;}.kt-info-box428_eafa6f-06 .kadence-info-box-image-inner-intrisic-container{max-width:114px;}.kt-info-box428_eafa6f-06 .kadence-info-box-image-inner-intrisic-container .kadence-info-box-image-intrisic{padding-bottom:133.33%;width:150px;height:0px;max-width:100%;}.kt-info-box428_eafa6f-06 .kadence-info-box-icon-container .kt-info-svg-icon, .kt-info-box428_eafa6f-06 .kt-info-svg-icon-flip, .kt-info-box428_eafa6f-06 .kt-blocks-info-box-number{font-size:50px;}.kt-info-box428_eafa6f-06 .kt-blocks-info-box-media{background:#ffffff;border-color:var(--global-palette7, #eeeeee);border-radius:200px;overflow:hidden;border-top-width:5px;border-right-width:5px;border-bottom-width:5px;border-left-width:5px;padding-top:20px;padding-right:20px;padding-bottom:20px;padding-left:20px;}.kt-info-box428_eafa6f-06 .kt-blocks-info-box-media-container{margin-top:-75px;margin-right:0px;margin-bottom:20px;margin-left:0px;}.kt-info-box428_eafa6f-06 .kt-blocks-info-box-media .kadence-info-box-image-intrisic img{border-radius:200px;}.kt-info-box428_eafa6f-06 .kt-infobox-textcontent h2.kt-blocks-info-box-title{padding-top:0px;padding-right:0px;padding-bottom:0px;padding-left:0px;margin-top:5px;margin-right:0px;margin-bottom:10px;margin-left:0px;}.kt-info-box428_eafa6f-06 .kt-blocks-info-box-learnmore{background:transparent;border-width:0px 0px 0px 0px;padding-top:4px;padding-right:8px;padding-bottom:4px;padding-left:8px;margin-top:10px;margin-right:0px;margin-bottom:10px;margin-left:0px;}@media all and (max-width: 1024px){.kt-info-box428_eafa6f-06 .kt-blocks-info-box-link-wrap{border-top:5px solid #72a3d4;border-right:5px solid #72a3d4;border-bottom:5px solid #72a3d4;border-left:5px solid #72a3d4;}}@media all and (max-width: 767px){.kt-info-box428_eafa6f-06 .kt-blocks-info-box-link-wrap{border-top:5px solid #72a3d4;border-right:5px solid #72a3d4;border-bottom:5px solid #72a3d4;border-left:5px solid #72a3d4;}}<\/style>\n<div class=\"wp-block-kadence-infobox kt-info-box428_eafa6f-06\"><span class=\"kt-blocks-info-box-link-wrap info-box-link kt-blocks-info-box-media-align-top kt-info-halign-center\" aria-label=\"Judith Alejandra Hern\u00e1ndez S\u00e1nchez\"><div class=\"kt-blocks-info-box-media-container\"><div class=\"kt-blocks-info-box-media kt-info-media-animate-none\"><div class=\"kadence-info-box-image-inner-intrisic-container\"><div class=\"kadence-info-box-image-intrisic kt-info-animate-none kb-info-box-image-ratio kb-info-box-image-ratio-port34\"><div class=\"kadence-info-box-image-inner-intrisic\"><img loading=\"lazy\" decoding=\"async\" src=\"https:\/\/matematicas.reduaz.mx\/profesionalizante_matedu\/wp-content\/uploads\/2025\/10\/foto-Judith-Hernandez-150x150.jpg\" alt=\"Dra. Judith Henr\u00e1ndez\" width=\"150\" height=\"150\" class=\"kt-info-box-image wp-image-429\" srcset=\"https:\/\/matematicas.reduaz.mx\/profesionalizante_matedu\/wp-content\/uploads\/2025\/10\/foto-Judith-Hernandez-150x150.jpg 150w, https:\/\/matematicas.reduaz.mx\/profesionalizante_matedu\/wp-content\/uploads\/2025\/10\/foto-Judith-Hernandez-300x300.jpg 300w\" sizes=\"auto, (max-width: 150px) 100vw, 150px\" \/><\/div><\/div><\/div><\/div><\/div><div class=\"kt-infobox-textcontent\"><h2 class=\"kt-blocks-info-box-title\">Dra. Judith Alejandra Hern\u00e1ndez S\u00e1nchez<\/h2><p class=\"kt-blocks-info-box-text\">Doctora en Ciencias con Especialidad en Matem\u00e1tica Educativa (ME) por la Universidad<br>Aut\u00f3noma de Guerrero.  Docente Investigadora de la Unidad Acad\u00e9mica de Matem\u00e1ticas de<br>la Universidad Aut\u00f3noma de Zacatecas.<br><br>Reconocimiento como perfil deseable PRODEP<br>desde el 2015 e integrante del Sistema Nacional de Investigadores desde el 2018.<br>Organizadora, ponente y evaluadora en eventos acad\u00e9micos del \u00e1rea de la ME. Integrante<br>de asociaciones como la Red Cimates, CLAME y SOMIDEM. Forma parte del CA-<br>UAZ_243 en Consolidaci\u00f3n \u201cMatem\u00e1tica Educativa en la Profesionalizaci\u00f3n Docente\u201d. Ha<br>publicado art\u00edculos, libros y cap\u00edtulos de libro en prestigiadas revistas y editoriales.<br><br>Sus l\u00edneas de investigaci\u00f3n son: el curr\u00edculum de matem\u00e1ticas, la ense\u00f1anza-aprendizaje<br>del c\u00e1lculo y el \u00e1lgebra y la formaci\u00f3n y desarrollo de los profesionales de la Matem\u00e1tica<br>Educativa.<\/p><\/div><\/span><\/div>\n\n\n\n<p class=\"has-text-align-center\"><a href=\"https:\/\/scholar.google.com\/citations?hl=es&amp;view_op=list_works&amp;gmla=AH8HC4wSozuhzlDGcGTtUGr_uPSD2N4DQXUl6D7Scj05XdRFuxRK0x0umV8j6tto-D7diyqXAGwyoP6j58Tuiyd5QrrXeA1a0g&amp;user=lpYFr_sAAAAJ\">Productividad<\/a><\/p>\n\n\n\n<p><\/p>\n","protected":false},"excerpt":{"rendered":"<p>Productividad<\/p>\n","protected":false},"author":2,"featured_media":0,"parent":0,"menu_order":0,"comment_status":"closed","ping_status":"closed","template":"","meta":{"kt_blocks_editor_width":"","footnotes":""},"class_list":["post-428","page","type-page","status-publish","hentry"],"_links":{"self":[{"href":"https:\/\/matematicas.reduaz.mx\/profesionalizante_matedu\/index.php?rest_route=\/wp\/v2\/pages\/428","targetHints":{"allow":["GET"]}}],"collection":[{"href":"https:\/\/matematicas.reduaz.mx\/profesionalizante_matedu\/index.php?rest_route=\/wp\/v2\/pages"}],"about":[{"href":"https:\/\/matematicas.reduaz.mx\/profesionalizante_matedu\/index.php?rest_route=\/wp\/v2\/types\/page"}],"author":[{"embeddable":true,"href":"https:\/\/matematicas.reduaz.mx\/profesionalizante_matedu\/index.php?rest_route=\/wp\/v2\/users\/2"}],"replies":[{"embeddable":true,"href":"https:\/\/matematicas.reduaz.mx\/profesionalizante_matedu\/index.php?rest_route=%2Fwp%2Fv2%2Fcomments&post=428"}],"version-history":[{"count":3,"href":"https:\/\/matematicas.reduaz.mx\/profesionalizante_matedu\/index.php?rest_route=\/wp\/v2\/pages\/428\/revisions"}],"predecessor-version":[{"id":435,"href":"https:\/\/matematicas.reduaz.mx\/profesionalizante_matedu\/index.php?rest_route=\/wp\/v2\/pages\/428\/revisions\/435"}],"wp:attachment":[{"href":"https:\/\/matematicas.reduaz.mx\/profesionalizante_matedu\/index.php?rest_route=%2Fwp%2Fv2%2Fmedia&parent=428"}],"curies":[{"name":"wp","href":"https:\/\/api.w.org\/{rel}","templated":true}]}}