{"id":384,"date":"2025-10-16T18:43:33","date_gmt":"2025-10-17T00:43:33","guid":{"rendered":"https:\/\/matematicas.reduaz.mx\/profesionalizante_matedu\/?page_id=384"},"modified":"2025-10-30T15:33:48","modified_gmt":"2025-10-30T21:33:48","slug":"nucleo-academico","status":"publish","type":"page","link":"https:\/\/matematicas.reduaz.mx\/profesionalizante_matedu\/?page_id=384","title":{"rendered":"N\u00facleo Acad\u00e9mico"},"content":{"rendered":"\n<p>El n\u00facleo acad\u00e9mico de la Maestr\u00eda est\u00e1 conformado por los siguientes docentes\/invetigadores<\/p>\n\n\n<style>.kb-table-container384_2456f1-3c{overflow-x:auto;}.kb-table-container .kb-table384_2456f1-3c th{padding-top:var(--global-kb-spacing-xxs, 0.5rem);padding-right:var(--global-kb-spacing-xxs, 0.5rem);padding-bottom:var(--global-kb-spacing-xxs, 0.5rem);padding-left:var(--global-kb-spacing-xxs, 0.5rem);text-align:center;}.kb-table-container .kb-table384_2456f1-3c caption{text-align:center;}.kb-table-container .kb-table384_2456f1-3c td{padding-top:var(--global-kb-spacing-xxs, 0.5rem);padding-right:var(--global-kb-spacing-xxs, 0.5rem);padding-bottom:var(--global-kb-spacing-xxs, 0.5rem);padding-left:var(--global-kb-spacing-xxs, 0.5rem);text-align:left;}<\/style><div class=\"kb-table-container kb-table-container384_2456f1-3c wp-block-kadence-table\"><table class=\"kb-table kb-table384_2456f1-3c\">\n<tr class=\"kb-table-row kb-table-row384_ee7d30-55\">\n<th class=\"kb-table-data kb-table-data384_819529-20\">\n\n<p><strong>Docente<\/strong><\/p>\n\n<\/th>\n\n<th class=\"kb-table-data kb-table-data384_c32d73-bb\">\n\n<p><strong>Formaci\u00f3n<\/strong><\/p>\n\n<\/th>\n<\/tr>\n\n<tr class=\"kb-table-row kb-table-row384_fa912b-64\">\n<td class=\"kb-table-data kb-table-data384_29366c-ed\">\n\n<p><a href=\"https:\/\/matematicas.reduaz.mx\/web\/?page_id=378\">Borj\u00f3n Robles Elvira<\/a><\/p>\n\n<\/td>\n\n<td class=\"kb-table-data kb-table-data384_2249a6-50\">\n\n<p>Doctora en Ciencias de la Educaci\u00f3n<\/p>\n\n<\/td>\n<\/tr>\n\n<tr class=\"kb-table-row kb-table-row384_9867a2-df\">\n<td class=\"kb-table-data kb-table-data384_a9a10b-3d\">\n\n<p><a href=\"https:\/\/matematicas.reduaz.mx\/profesionalizante_matedu\/?page_id=438\" data-type=\"page\" data-id=\"438\">Brice\u00f1o Solis Eduardo Carlos<\/a><\/p>\n\n<\/td>\n\n<td class=\"kb-table-data kb-table-data384_356d3f-62\">\n\n<p>Doctor en Ciencias con especialidad en Matem\u00e1tica Educativa<\/p>\n\n<\/td>\n<\/tr>\n\n<tr class=\"kb-table-row kb-table-row384_72a03b-6e\">\n<td class=\"kb-table-data kb-table-data384_b025a3-22\">\n\n<p><a href=\"https:\/\/matematicas.reduaz.mx\/web\/?page_id=395\">Calvillo Guevara Nancy Janeth<\/a><\/p>\n\n<\/td>\n\n<td class=\"kb-table-data kb-table-data384_426569-99\">\n\n<p>Pasante Doctorado en Ciencias con especialidad en Matem\u00e1tica Educativa<\/p>\n\n<\/td>\n<\/tr>\n\n<tr class=\"kb-table-row kb-table-row384_1e9547-0d\">\n<td class=\"kb-table-data kb-table-data384_c5fa64-af\">\n\n<p><a href=\"https:\/\/matematicas.reduaz.mx\/profesionalizante_matedu\/?page_id=443\" data-type=\"page\" data-id=\"443\">Carrillo Garc\u00eda Carolina del Rosario<\/a><\/p>\n\n<\/td>\n\n<td class=\"kb-table-data kb-table-data384_ba9f8a-f5\">\n\n<p>Doctora en Educaci\u00f3n Matem\u00e1tica<\/p>\n\n<\/td>\n<\/tr>\n\n<tr class=\"kb-table-row kb-table-row384_cbaea5-4b\">\n<td class=\"kb-table-data kb-table-data384_ed6f0b-87\">\n\n<p><a href=\"https:\/\/matematicas.reduaz.mx\/profesionalizante_matedu\/?page_id=428\" data-type=\"page\" data-id=\"428\">Hern\u00e1ndez S\u00e1nchez Judith Alejandra<\/a><\/p>\n\n<\/td>\n\n<td class=\"kb-table-data kb-table-data384_95e549-78\">\n\n<p>Doctora en Ciencias con especialidad en Matem\u00e1tica Educativa<\/p>\n\n<\/td>\n<\/tr>\n\n<tr class=\"kb-table-row kb-table-row384_cd237d-81\">\n<td class=\"kb-table-data kb-table-data384_7fb35a-3b\">\n\n<p><a href=\"https:\/\/matematicas.reduaz.mx\/web\/?page_id=410\">Hern\u00e1ndez S\u00e1nchez Pl\u00e1cido<\/a><\/p>\n\n<\/td>\n\n<td class=\"kb-table-data kb-table-data384_f5237c-90\">\n\n<p>Doctor en Ciencias con especialidad en Matem\u00e1tica Educativa<\/p>\n\n<\/td>\n<\/tr>\n\n<tr class=\"kb-table-row kb-table-row384_c2de7a-01\">\n<td class=\"kb-table-data kb-table-data384_0c39be-f0\">\n\n<p><a href=\"https:\/\/matematicas.reduaz.mx\/web\/?page_id=387\">Jim\u00e9nez Sandoval Lorena<\/a><\/p>\n\n<\/td>\n\n<td class=\"kb-table-data kb-table-data384_659389-f9\">\n\n<p>Doctora en Ciencias con especialidad en Matem\u00e1tica Educativa<\/p>\n\n<\/td>\n<\/tr>\n\n<tr class=\"kb-table-row kb-table-row384_e85340-34\">\n<td class=\"kb-table-data kb-table-data384_092a38-d0\">\n\n<p><a href=\"https:\/\/matematicas.reduaz.mx\/web\/?page_id=414\">L\u00f3pez Flores Jos\u00e9 Iv\u00e1n<\/a><\/p>\n\n<\/td>\n\n<td class=\"kb-table-data kb-table-data384_db8952-f5\">\n\n<p>Doctor en Educaci\u00f3n Matem\u00e1tica<\/p>\n\n<\/td>\n<\/tr>\n\n<tr class=\"kb-table-row kb-table-row384_45042a-22\">\n<td class=\"kb-table-data kb-table-data384_78b838-26\">\n\n<p><a href=\"https:\/\/matematicas.reduaz.mx\/web\/?page_id=418\">Montelongo Aguilar Ofelia<\/a><\/p>\n\n<\/td>\n\n<td class=\"kb-table-data kb-table-data384_03918a-78\">\n\n<p>Doctora en Ciencias con especialidad en Matem\u00e1tica Educativa<\/p>\n\n<\/td>\n<\/tr>\n\n<tr class=\"kb-table-row kb-table-row384_32e98a-11\">\n<td class=\"kb-table-data kb-table-data384_5eb9c4-2e\">\n\n<p><a href=\"https:\/\/matematicas.reduaz.mx\/web\/?page_id=422\">K\u00fa E\u00faan Darly Alina<\/a><\/p>\n\n<\/td>\n\n<td class=\"kb-table-data kb-table-data384_e5b262-51\">\n\n<p>Doctora en Ciencias con especialidad en Matem\u00e1tica Educativa<\/p>\n\n<\/td>\n<\/tr>\n\n<tr class=\"kb-table-row kb-table-row384_1e7b87-7c\">\n<td class=\"kb-table-data kb-table-data384_9373f4-71\">\n\n<p><a href=\"https:\/\/matematicas.reduaz.mx\/profesionalizante_matedu\/?page_id=449\" data-type=\"page\" data-id=\"449\">Sosa Guerrero Leticia<\/a><\/p>\n\n<\/td>\n\n<td class=\"kb-table-data kb-table-data384_935fcd-0a\">\n\n<p>Doctora en Did\u00e1ctica de la Matem\u00e1tica<\/p>\n\n<\/td>\n<\/tr>\n\n<tr class=\"kb-table-row kb-table-row384_f15d77-be\">\n<td class=\"kb-table-data kb-table-data384_209680-22\">\n\n<p><a href=\"https:\/\/matematicas.reduaz.mx\/profesionalizante_matedu\/?page_id=479\" data-type=\"page\" data-id=\"479\">Torres Ibarra M\u00f3nica del Roc\u00edo<\/a><\/p>\n\n<\/td>\n\n<td class=\"kb-table-data kb-table-data384_a8e453-6a\">\n\n<p>Pasante Doctorado en Tecnolog\u00eda Educativa<\/p>\n\n<\/td>\n<\/tr>\n\n<tr class=\"kb-table-row kb-table-row384_a58527-27\">\n<td class=\"kb-table-data kb-table-data384_002f49-d6\">\n\n<p><a href=\"https:\/\/matematicas.reduaz.mx\/profesionalizante_matedu\/?page_id=483\" data-type=\"page\" data-id=\"483\">Rodr\u00edguez Gonz\u00e1lez Beatr\u00edz Adriana<\/a><\/p>\n\n<\/td>\n\n<td class=\"kb-table-data kb-table-data384_a4bfd9-ee\">\n\n<p>Posdoctorante Matem\u00e1tica Educativa<\/p>\n\n<\/td>\n<\/tr>\n\n<tr class=\"kb-table-row kb-table-row384_317b2c-b4\">\n<td class=\"kb-table-data kb-table-data384_1002e2-89\">\n\n<p>Jos\u00e9 Manuel N\u00fa\u00f1ez Medina<\/p>\n\n<\/td>\n\n<td class=\"kb-table-data kb-table-data384_fc4729-6a\">\n\n<p>Colaborador<\/p>\n\n<\/td>\n<\/tr>\n\n<tr class=\"kb-table-row kb-table-row384_00c410-5f\">\n<td class=\"kb-table-data kb-table-data384_7a5a26-45\">\n\n<p><a href=\"https:\/\/matematicas.reduaz.mx\/profesionalizante_matedu\/?page_id=496\" data-type=\"page\" data-id=\"496\">Nehemias Moreno Mart\u00ednez<\/a><\/p>\n\n<\/td>\n\n<td class=\"kb-table-data kb-table-data384_1fe803-83\">\n\n<p>Dr. en Ciencias con especialidad en Matem\u00e1tica Educativa<\/p>\n\n<\/td>\n<\/tr>\n\n<tr class=\"kb-table-row kb-table-row384_9a08c9-d1\">\n<td class=\"kb-table-data kb-table-data384_002d7f-4b\">\n\n<p>Rita Guadalupe Angulo Villanueva<\/p>\n\n<\/td>\n\n<td class=\"kb-table-data kb-table-data384_dd95f5-f3\">\n\n<p>Colaboradora<\/p>\n\n<\/td>\n<\/tr>\n\n<tr class=\"kb-table-row kb-table-row384_63d23e-9d\">\n<td class=\"kb-table-data kb-table-data384_abd2ee-c2\">\n\n<p><\/p>\n\n<\/td>\n\n<td class=\"kb-table-data kb-table-data384_997362-91\">\n\n<p><\/p>\n\n<\/td>\n<\/tr>\n<\/table><\/div>\n\n\n<p><\/p>\n","protected":false},"excerpt":{"rendered":"<p>El n\u00facleo acad\u00e9mico de la Maestr\u00eda est\u00e1 conformado por los siguientes docentes\/invetigadores<\/p>\n","protected":false},"author":2,"featured_media":0,"parent":0,"menu_order":0,"comment_status":"closed","ping_status":"closed","template":"","meta":{"kt_blocks_editor_width":"","footnotes":""},"class_list":["post-384","page","type-page","status-publish","hentry"],"_links":{"self":[{"href":"https:\/\/matematicas.reduaz.mx\/profesionalizante_matedu\/index.php?rest_route=\/wp\/v2\/pages\/384","targetHints":{"allow":["GET"]}}],"collection":[{"href":"https:\/\/matematicas.reduaz.mx\/profesionalizante_matedu\/index.php?rest_route=\/wp\/v2\/pages"}],"about":[{"href":"https:\/\/matematicas.reduaz.mx\/profesionalizante_matedu\/index.php?rest_route=\/wp\/v2\/types\/page"}],"author":[{"embeddable":true,"href":"https:\/\/matematicas.reduaz.mx\/profesionalizante_matedu\/index.php?rest_route=\/wp\/v2\/users\/2"}],"replies":[{"embeddable":true,"href":"https:\/\/matematicas.reduaz.mx\/profesionalizante_matedu\/index.php?rest_route=%2Fwp%2Fv2%2Fcomments&post=384"}],"version-history":[{"count":11,"href":"https:\/\/matematicas.reduaz.mx\/profesionalizante_matedu\/index.php?rest_route=\/wp\/v2\/pages\/384\/revisions"}],"predecessor-version":[{"id":499,"href":"https:\/\/matematicas.reduaz.mx\/profesionalizante_matedu\/index.php?rest_route=\/wp\/v2\/pages\/384\/revisions\/499"}],"wp:attachment":[{"href":"https:\/\/matematicas.reduaz.mx\/profesionalizante_matedu\/index.php?rest_route=%2Fwp%2Fv2%2Fmedia&parent=384"}],"curies":[{"name":"wp","href":"https:\/\/api.w.org\/{rel}","templated":true}]}}