{"id":207,"date":"2024-02-27T12:23:41","date_gmt":"2024-02-27T18:23:41","guid":{"rendered":"https:\/\/matematicas.reduaz.mx\/profesionalizante_matedu\/?page_id=207"},"modified":"2026-02-04T15:23:21","modified_gmt":"2026-02-04T21:23:21","slug":"procesos-administrativos","status":"publish","type":"page","link":"https:\/\/matematicas.reduaz.mx\/profesionalizante_matedu\/?page_id=207","title":{"rendered":"Procesos Administrativos"},"content":{"rendered":"\n<p>Los pasos para la preinscripci\u00f3n est\u00e1n descritos en la\u00a0<a href=\"https:\/\/matematicas.reduaz.mx\/profesionalizante_matedu\/?p=1\" data-type=\"post\" data-id=\"1\" target=\"_blank\" rel=\"noreferrer noopener\">convocatoria de ingreso<\/a> MME<\/p>\n\n\n\n<p>Debes tambi\u00e9n cumplir con la <a href=\"https:\/\/drive.google.com\/file\/d\/1heMHSmHSdkli7KE95W-vxgTCfNep3ELK\/view?fbclid=IwY2xjawPkW5VleHRuA2FlbQIxMABicmlkETE2RG1tT09ra2ZpZGpsOFQxc3J0YwZhcHBfaWQQMjIyMDM5MTc4ODIwMDg5MgABHkW45GSZ4PmsUc0Gie7XrsuD8ygzWe1IUsYr-618qsT6zi5UogLE75gsTpVz_aem_Bw0GGZ4yV3Q1X1rdUMptsg\" target=\"_blank\" rel=\"noreferrer noopener\">Convocatoria UAZ<\/a><\/p>\n\n\n\n<figure class=\"wp-block-image size-full\"><img loading=\"lazy\" decoding=\"async\" width=\"400\" height=\"210\" src=\"https:\/\/matematicas.reduaz.mx\/profesionalizante_matedu\/wp-content\/uploads\/2024\/02\/procesosfw.png\" alt=\"\" class=\"wp-image-209\" srcset=\"https:\/\/matematicas.reduaz.mx\/profesionalizante_matedu\/wp-content\/uploads\/2024\/02\/procesosfw.png 400w, https:\/\/matematicas.reduaz.mx\/profesionalizante_matedu\/wp-content\/uploads\/2024\/02\/procesosfw-300x158.png 300w\" sizes=\"auto, (max-width: 400px) 100vw, 400px\" \/><\/figure>\n\n\n\n<p>En este apartado se desglosan los procedimientos a seguir para ingresar al posgrado, las fechas indicadas son para referencia, se refieren al \u00faltimo proceso de ingreso (2026)<\/p>\n\n\n\n<ol class=\"wp-block-list\">\n<li><strong>Procedimientos de preinscripci\u00f3n<\/strong>\n<ol class=\"wp-block-list\">\n<li><a href=\"https:\/\/forms.gle\/Yx3RB3tK6BcPbE7w7\">Registro<\/a> como aspirante al programa. <strong>Publicaci\u00f3n de la convocatoria y hasta el 8 de mayo.<\/strong><\/li>\n\n\n\n<li>Validaci\u00f3n inicial del perfil. <strong><strong>Hasta el 9 de mayo<\/strong><\/strong>\n<ul class=\"wp-block-list\">\n<li>T\u00edtulo de Licenciatura<\/li>\n\n\n\n<li>Constancia de experiencia profesional<\/li>\n<\/ul>\n<\/li>\n\n\n\n<li><a href=\"https:\/\/apps.uaz.edu.mx\/aspirante\/registro\/inicio\" target=\"_blank\" rel=\"noreferrer noopener\">Preinscripci\u00f3n UAZ<\/a><strong>: Hasta el 26 de mayo<\/strong>, siguiendo el proceso de la Convocatoria UAZ<\/li>\n\n\n\n<li>Validaci\u00f3n complementaria del Perfil: una vez aprobada la Fase 2 y hasta 9 de mayo)\n<ul class=\"wp-block-list\">\n<li>Constancia vigente de dominio del idioma ingl\u00e9s (TOEFL m\u00ednimo de 340 puntos o su equivalente en BULATS)<\/li>\n\n\n\n<li>Carta de exposici\u00f3n de motivos<\/li>\n<\/ul>\n<\/li>\n\n\n\n<li>Cursar y aprobar el Curso Proped\u00e9utico en l\u00ednea: (Mayo y junio).&nbsp;<\/li>\n\n\n\n<li>Aprobar Exani III (Ceneval-UAZ). Junio<\/li>\n\n\n\n<li>Asistir a la Entrevista: 17 al 19 de junio<\/li>\n\n\n\n<li>Publicaci\u00f3n de resultados. Enviados por correo a los aspirantes<\/li>\n\n\n\n<li>Inscripci\u00f3n formal. Agosto<\/li>\n<\/ol>\n<\/li>\n\n\n\n<li><strong>Procedimientos de Inscripci\u00f3n (aspirantes aceptados)<\/strong>\n<ol class=\"wp-block-list\">\n<li>Realizar el pago correspondiente en sucursales Banorte<\/li>\n\n\n\n<li>Entrega de documentos en la Unidad Acad\u00e9mica de Matem\u00e1ticas:<\/li>\n<\/ol>\n<\/li>\n\n\n\n<li><strong>Requisitos de permanencia<\/strong>\n<ol class=\"wp-block-list\">\n<li>Cursar y acreditar todas y cada una de las Unidades Did\u00e1cticas en un tiempo m\u00e1ximo de 2 a\u00f1os.<\/li>\n\n\n\n<li>Cumplir con todas las actividades obligatorias, las cuales son establecidas en una reuni\u00f3n plenaria de los integrantes del NAB y de las cuales se informa al inicio de cada semestre a trav\u00e9s de un documento escrito que los estudiantes deber\u00e1n de firmar de enterados.<\/li>\n\n\n\n<li>Cubrir puntualmente los requisitos de reinscripci\u00f3n.<\/li>\n\n\n\n<li>Obtener el grado correspondiente, a lo m\u00e1s un a\u00f1o despu\u00e9s de su ingreso al programa.<\/li>\n\n\n\n<li>Obtener un puntaje m\u00ednimo de 400 puntos en el examen TOEFL al finalizar segundo semestre.<\/li>\n<\/ol>\n<\/li>\n\n\n\n<li><strong>Requisitos de egreso<\/strong>\n<ol class=\"wp-block-list\">\n<li>Haber cursado y acreditado el 100% de las UD del mapa curricular de la maestr\u00eda.<\/li>\n\n\n\n<li>Haber participado m\u00ednimo en dos evento acad\u00e9micos nacionales o internacionales. Al menos en uno de ellos deber\u00e1 ser como ponente presentando avances de su trabajo recepcional de manera conjunta con su asesor.<\/li>\n\n\n\n<li>Presentar un producto acad\u00e9mico (ponencia, cartel, taller o publicaci\u00f3n) realizado de manera conjunta con un docente de la planta acad\u00e9mica del programa (preferentemente su asesor de trabajo recepcional).<\/li>\n\n\n\n<li>Presentar documento oficial con un puntaje m\u00ednimo de 450 puntos de TOEFL, con una vigencia m\u00e1xima de dos a\u00f1os y medio antes de su fecha de titulaci\u00f3n.<\/li>\n\n\n\n<li>Presentar y defender su documento recepcional en el semestre inmediato a la conclusi\u00f3n de los cr\u00e9ditos de maestr\u00eda.<\/li>\n\n\n\n<li>Cubrir los requisitos de egreso y titulaci\u00f3n del Departamento General Escolar de la UAZ y de la UAM.<\/li>\n<\/ol>\n<\/li>\n<\/ol>\n","protected":false},"excerpt":{"rendered":"<p>Los pasos para la preinscripci\u00f3n est\u00e1n descritos en la\u00a0convocatoria de ingreso MME Debes tambi\u00e9n cumplir con la Convocatoria UAZ En este apartado se desglosan los procedimientos a seguir para ingresar al posgrado, las fechas indicadas son para referencia, se refieren &hellip; <a href=\"https:\/\/matematicas.reduaz.mx\/profesionalizante_matedu\/?page_id=207\">Continued<\/a><\/p>\n","protected":false},"author":2,"featured_media":0,"parent":0,"menu_order":0,"comment_status":"closed","ping_status":"closed","template":"","meta":{"kt_blocks_editor_width":"","footnotes":""},"class_list":["post-207","page","type-page","status-publish","hentry"],"_links":{"self":[{"href":"https:\/\/matematicas.reduaz.mx\/profesionalizante_matedu\/index.php?rest_route=\/wp\/v2\/pages\/207","targetHints":{"allow":["GET"]}}],"collection":[{"href":"https:\/\/matematicas.reduaz.mx\/profesionalizante_matedu\/index.php?rest_route=\/wp\/v2\/pages"}],"about":[{"href":"https:\/\/matematicas.reduaz.mx\/profesionalizante_matedu\/index.php?rest_route=\/wp\/v2\/types\/page"}],"author":[{"embeddable":true,"href":"https:\/\/matematicas.reduaz.mx\/profesionalizante_matedu\/index.php?rest_route=\/wp\/v2\/users\/2"}],"replies":[{"embeddable":true,"href":"https:\/\/matematicas.reduaz.mx\/profesionalizante_matedu\/index.php?rest_route=%2Fwp%2Fv2%2Fcomments&post=207"}],"version-history":[{"count":4,"href":"https:\/\/matematicas.reduaz.mx\/profesionalizante_matedu\/index.php?rest_route=\/wp\/v2\/pages\/207\/revisions"}],"predecessor-version":[{"id":517,"href":"https:\/\/matematicas.reduaz.mx\/profesionalizante_matedu\/index.php?rest_route=\/wp\/v2\/pages\/207\/revisions\/517"}],"wp:attachment":[{"href":"https:\/\/matematicas.reduaz.mx\/profesionalizante_matedu\/index.php?rest_route=%2Fwp%2Fv2%2Fmedia&parent=207"}],"curies":[{"name":"wp","href":"https:\/\/api.w.org\/{rel}","templated":true}]}}