{"id":86,"date":"2023-11-01T14:36:46","date_gmt":"2023-11-01T20:36:46","guid":{"rendered":"https:\/\/matematicas.reduaz.mx\/mae_mathe\/?page_id=86"},"modified":"2024-04-08T20:46:23","modified_gmt":"2024-04-09T02:46:23","slug":"curso-propedeutico","status":"publish","type":"page","link":"https:\/\/matematicas.reduaz.mx\/mae_mathe\/?page_id=86","title":{"rendered":"Curso proped\u00e9utico"},"content":{"rendered":"\n<p>La Maestr\u00eda en Matem\u00e1ticas&nbsp;ofrece un&nbsp;curso&nbsp;proped\u00e9utico que&nbsp;tiene como prop\u00f3sito&nbsp;reforzar los conocimientos en \u00c1lgebra Lineal y en C\u00e1lculo (Diferencial e Integral) de los asistentes; de igual forma, el curso puede servir como preparaci\u00f3n para presentar el examen de admisi\u00f3n al programa.<\/p>\n\n\n\n<p>El proped\u00e9utico consiste en tres materias (\u00c1lgebra Lineal,&nbsp;C\u00e1lculo Avanzado&nbsp;y&nbsp;L\u00f3gica y Teor\u00eda de Conjuntos) impartidas por miembros del n\u00facleo acad\u00e9mico del programa,&nbsp;lo cual garantiza&nbsp;su alta calidad. El curso se oferta de manera semestral de acuerdo con el calendario oficial universitario, el cual puede consultarse&nbsp;<a href=\"https:\/\/movilidad.uaz.edu.mx\/calendario-escolar\/\">aqu\u00ed<\/a>.<\/p>\n\n\n\n<p>Los requisitos para inscribirse al curso&nbsp;proped\u00e9utico son:<\/p>\n\n\n<style>.wp-block-kadence-iconlist.kt-svg-icon-list-items86_5d3866-03:not(.this-stops-third-party-issues){margin-top:0px;margin-bottom:0px;}.wp-block-kadence-iconlist.kt-svg-icon-list-items86_5d3866-03 ul.kt-svg-icon-list:not(.this-prevents-issues):not(.this-stops-third-party-issues):not(.tijsloc){margin-top:0px;margin-right:0px;margin-bottom:var(--global-kb-spacing-sm, 1.5rem);margin-left:0px;}.wp-block-kadence-iconlist.kt-svg-icon-list-items86_5d3866-03 ul.kt-svg-icon-list{grid-row-gap:5px;}.wp-block-kadence-iconlist.kt-svg-icon-list-items86_5d3866-03 ul.kt-svg-icon-list .kt-svg-icon-list-item-wrap .kt-svg-icon-list-single{margin-right:10px;}.kt-svg-icon-list-items86_5d3866-03 ul.kt-svg-icon-list .kt-svg-icon-list-level-0 .kt-svg-icon-list-single svg{font-size:20px;}<\/style>\n<div class=\"wp-block-kadence-iconlist kt-svg-icon-list-items kt-svg-icon-list-items86_5d3866-03 kt-svg-icon-list-columns-1 alignnone\"><ul class=\"kt-svg-icon-list\">\n<li class=\"wp-block-kadence-listitem kt-svg-icon-list-item-wrap kt-svg-icon-list-item-86_94bd68-8d\"><span class=\"kb-svg-icon-wrap kb-svg-icon-fe_checkCircle kt-svg-icon-list-single\"><svg viewBox=\"0 0 24 24\"  fill=\"none\" stroke=\"currentColor\" stroke-width=\"2\" stroke-linecap=\"round\" stroke-linejoin=\"round\" xmlns=\"http:\/\/www.w3.org\/2000\/svg\"  aria-hidden=\"true\"><path d=\"M22 11.08V12a10 10 0 1 1-5.93-9.14\"\/><polyline points=\"22 4 12 14.01 9 11.01\"\/><\/svg><\/span><span class=\"kt-svg-icon-list-text\">Haber concluido (o encontrarse en el \u00faltimo semestre de) una licenciatura en matem\u00e1ticas o en \u00e1rea af\u00edn.<\/span><\/li>\n\n\n\n<li class=\"wp-block-kadence-listitem kt-svg-icon-list-item-wrap kt-svg-icon-list-item-86_4bf499-a6\"><span class=\"kb-svg-icon-wrap kb-svg-icon-fe_checkCircle kt-svg-icon-list-single\"><svg viewBox=\"0 0 24 24\"  fill=\"none\" stroke=\"currentColor\" stroke-width=\"2\" stroke-linecap=\"round\" stroke-linejoin=\"round\" xmlns=\"http:\/\/www.w3.org\/2000\/svg\"  aria-hidden=\"true\"><path d=\"M22 11.08V12a10 10 0 1 1-5.93-9.14\"\/><polyline points=\"22 4 12 14.01 9 11.01\"\/><\/svg><\/span><span class=\"kt-svg-icon-list-text\">Hacer un \u00fanico pago de inscripci\u00f3n al curso; dicho pago puede hacerse de forma presencial o por transferencia bancaria.<\/span><\/li>\n\n\n\n<li class=\"wp-block-kadence-listitem kt-svg-icon-list-item-wrap kt-svg-icon-list-item-86_bf72a3-63\"><span class=\"kb-svg-icon-wrap kb-svg-icon-fe_checkCircle kt-svg-icon-list-single\"><svg viewBox=\"0 0 24 24\"  fill=\"none\" stroke=\"currentColor\" stroke-width=\"2\" stroke-linecap=\"round\" stroke-linejoin=\"round\" xmlns=\"http:\/\/www.w3.org\/2000\/svg\"  aria-hidden=\"true\"><path d=\"M22 11.08V12a10 10 0 1 1-5.93-9.14\"\/><polyline points=\"22 4 12 14.01 9 11.01\"\/><\/svg><\/span><span class=\"kt-svg-icon-list-text\">Tener disponibilidad de horario pues algunas sesiones del curso se programan por la ma\u00f1ana y otras por la tarde.<\/span><\/li>\n\n\n\n<li class=\"wp-block-kadence-listitem kt-svg-icon-list-item-wrap kt-svg-icon-list-item-86_c605ac-13\"><span class=\"kb-svg-icon-wrap kb-svg-icon-fe_checkCircle kt-svg-icon-list-single\"><svg viewBox=\"0 0 24 24\"  fill=\"none\" stroke=\"currentColor\" stroke-width=\"2\" stroke-linecap=\"round\" stroke-linejoin=\"round\" xmlns=\"http:\/\/www.w3.org\/2000\/svg\"  aria-hidden=\"true\"><path d=\"M22 11.08V12a10 10 0 1 1-5.93-9.14\"\/><polyline points=\"22 4 12 14.01 9 11.01\"\/><\/svg><\/span><span class=\"kt-svg-icon-list-text\">A partir de 2022 realizar proceso de preinscripci\u00f3n descrito en la p\u00e1gina de la <a href=\"https:\/\/escolar.uaz.edu.mx\/\">Direcci\u00f3n de Servicios Escolares<\/a>.<\/span><\/li>\n<\/ul><\/div>\n\n\n<style>.wp-block-kadence-spacer.kt-block-spacer-86_99a633-c1 .kt-block-spacer{height:60px;}.wp-block-kadence-spacer.kt-block-spacer-86_99a633-c1 .kt-divider{border-top-width:1px;height:1px;border-top-color:#eee;width:80%;border-top-style:solid;}<\/style>\n<div class=\"wp-block-kadence-spacer aligncenter kt-block-spacer-86_99a633-c1\"><div class=\"kt-block-spacer kt-block-spacer-halign-center\"><hr class=\"kt-divider\"\/><\/div><\/div>\n\n\n\n<h2 class=\"wp-block-heading\">Contacto para m\u00e1s informaci\u00f3n:<\/h2>\n\n\n\n<details class=\"wp-block-details is-layout-flow wp-block-details-is-layout-flow\"><summary>Dr. Jes\u00fas Lea\u00f1os Mac\u00edas (jleanos@uaz.edu.mx)<\/summary><\/details>\n","protected":false},"excerpt":{"rendered":"<p>La Maestr\u00eda en Matem\u00e1ticas&nbsp;ofrece un&nbsp;curso&nbsp;proped\u00e9utico que&nbsp;tiene como prop\u00f3sito&nbsp;reforzar los conocimientos en \u00c1lgebra Lineal y en C\u00e1lculo (Diferencial e Integral) de los asistentes; de igual forma, el curso puede servir como preparaci\u00f3n para presentar el examen de admisi\u00f3n al programa. El &hellip; <a href=\"https:\/\/matematicas.reduaz.mx\/mae_mathe\/?page_id=86\">Continued<\/a><\/p>\n","protected":false},"author":1,"featured_media":0,"parent":0,"menu_order":0,"comment_status":"closed","ping_status":"closed","template":"","meta":{"kt_blocks_editor_width":"","footnotes":""},"class_list":["post-86","page","type-page","status-publish","hentry"],"_links":{"self":[{"href":"https:\/\/matematicas.reduaz.mx\/mae_mathe\/index.php?rest_route=\/wp\/v2\/pages\/86","targetHints":{"allow":["GET"]}}],"collection":[{"href":"https:\/\/matematicas.reduaz.mx\/mae_mathe\/index.php?rest_route=\/wp\/v2\/pages"}],"about":[{"href":"https:\/\/matematicas.reduaz.mx\/mae_mathe\/index.php?rest_route=\/wp\/v2\/types\/page"}],"author":[{"embeddable":true,"href":"https:\/\/matematicas.reduaz.mx\/mae_mathe\/index.php?rest_route=\/wp\/v2\/users\/1"}],"replies":[{"embeddable":true,"href":"https:\/\/matematicas.reduaz.mx\/mae_mathe\/index.php?rest_route=%2Fwp%2Fv2%2Fcomments&post=86"}],"version-history":[{"count":3,"href":"https:\/\/matematicas.reduaz.mx\/mae_mathe\/index.php?rest_route=\/wp\/v2\/pages\/86\/revisions"}],"predecessor-version":[{"id":200,"href":"https:\/\/matematicas.reduaz.mx\/mae_mathe\/index.php?rest_route=\/wp\/v2\/pages\/86\/revisions\/200"}],"wp:attachment":[{"href":"https:\/\/matematicas.reduaz.mx\/mae_mathe\/index.php?rest_route=%2Fwp%2Fv2%2Fmedia&parent=86"}],"curies":[{"name":"wp","href":"https:\/\/api.w.org\/{rel}","templated":true}]}}