{"id":41,"date":"2023-11-01T18:39:38","date_gmt":"2023-11-01T18:39:38","guid":{"rendered":"https:\/\/matematicas.reduaz.mx\/mae_mathe\/?page_id=41"},"modified":"2023-11-01T18:40:41","modified_gmt":"2023-11-01T18:40:41","slug":"tutoria","status":"publish","type":"page","link":"https:\/\/matematicas.reduaz.mx\/mae_mathe\/?page_id=41","title":{"rendered":"Tutor\u00eda"},"content":{"rendered":"\n<p>Una vez que un(a) estudiante ingresa al programa, el comit\u00e9 acad\u00e9mico de la maestr\u00eda le asigna un tutor.<br>Las responsabilidades principales del tutor son:<\/p>\n\n\n\n<ol class=\"wp-block-list\">\n<li>dar seguimiento al desempe\u00f1o escolar del estudiante y<\/li>\n\n\n\n<li>enviar el reporte semestral correspondiente al CONACYT<\/li>\n<\/ol>\n\n\n\n<p>En cuanto el estudiante elige proyecto de tesis y asesor(es), el comit\u00e9 de seguimiento se modifica de la siguiente manera: el nuevo comit\u00e9 es designado por el comit\u00e9 acad\u00e9mico de la maestr\u00eda y est\u00e1 conformado por el(los) asesor(es) del proyecto de tesis y al menos dos profesores m\u00e1s cuyas l\u00edneas de investigaci\u00f3n son concordantes con la l\u00ednea de investigaci\u00f3n del proyecto de tesis.<\/p>\n\n\n\n<p>El nuevo comit\u00e9 tutorial sustituye al tutor(a) anterior y tiene como responsabilidad adicional evaluar peri\u00f3dicamente (2 veces por semestre) el avance del proyecto de tesis y generar un reporte por escrito en el que se hacen las sugerencias y recomendaciones que se consideran pertinentes, y se asigna una calificaci\u00f3n por avance de tesis.<\/p>\n\n\n\n<p>Las calificaciones generadas en los avances de tesis se promedian para generar la calificaci\u00f3n de los cursos denominados \u201cseminario de tesis\u201d.<\/p>\n\n\n\n<figure class=\"wp-block-table\"><table><tbody><tr><td><strong>Nombre del estudiante<\/strong><\/td><td><strong>Comit\u00e9 de tutorial<\/strong><\/td><\/tr><tr><td>&#8211; Cristian L\u00f3pez Gayt\u00e1n<\/td><td>Dr. Hugo Torres<\/td><\/tr><tr><td>&#8211; Brien Navarro Ambriz<\/td><td>Dr. Mario Huicochea<\/td><\/tr><tr><td>&#8211; Diego Delgado \u00c1vila&nbsp;<\/td><td>Dr. Jes\u00fas Lea\u00f1os, Dr. Mario Huicochea, Dr. Luis Rivera Mart\u00ednez<\/td><\/tr><tr><td>&#8211; Gustavo Garc\u00eda Valdivia<\/td><td>Dr. Alexis Garc\u00eda Zamora, Dra. Graciela Reyes, Dr. Hugo Torres<\/td><\/tr><tr><td>&#8211; Amanda Contreras Hern\u00e1ndez&nbsp;<\/td><td>&nbsp;Dr. Santos Hern\u00e1ndez, Dr. Mario Huicochea, Dr.&nbsp;Hern\u00e1n de Alba<\/td><\/tr><tr><td>&#8211; Jos\u00e9 Antonio P\u00e9rez Cortez<\/td><td>Dra. Graciela Reyes, Dr. Hugo Torres, Dr. Alexis Garc\u00eda Zamora<\/td><\/tr><tr><td>&#8211; Jos\u00e9 Miguel Pacheco Torres<\/td><td>Dr. Jes\u00fas Lea\u00f1os, Dr. Luis Manuel Rivera, Dr. Mario Huicochea<\/td><\/tr><tr><td>&#8211; Jos\u00e9 Emmanuel Acosta Troncoso<\/td><td>Dr. Luis Manuel Rivera, Dr. Mario Huicochea, Dr. Jes\u00fas Lea\u00f1os<\/td><\/tr><tr><td>&#8211; J. Jes\u00fas Garc\u00eda D\u00e1vila<\/td><td>Dr. Jes\u00fas Lea\u00f1os, Dr. Mario Huicochea, Dr. Luis Manuel Rivera<\/td><\/tr><tr><td>&#8211; J. Adri\u00e1n Rangel Torres<\/td><td>&nbsp;Dr. Miguel A. Maldonado, Dr. Miguel A. Xicot\u00e9ncatl Merino, Dr. Juan Antonio P\u00e9rez<\/td><\/tr><tr><td>&#8211; Mario A. Estrada Guzm\u00e1n<\/td><td>Dr. Alexis Garc\u00eda Zamora, Dra. Graciela Reyes, Dr. Hugo Torres<\/td><\/tr><tr><td>&#8211; Uriel Guerrero Valadez<\/td><td>Dr. Alexis Garc\u00eda Zamora, Dra. Graciela Reyes, Dr. Hugo Torres.<\/td><\/tr><tr><td>&#8211; Daniel Zambrano Vel\u00e1zquez<\/td><td>Dr. Miguel A. Maldonado, Dra. Graciela Astrid Reyes, Dr. Alexander Pyshchev<\/td><\/tr><tr><td>&#8211; Omar de \u00c1vila Mart\u00ednez<\/td><td>Dr. Jes\u00fas Lea\u00f1os, Dr. Luis Manuel Rivera, Dr. Mario Huicochea.<\/td><\/tr><tr><td>&#8211; Marlem E. Sol\u00eds Santana<\/td><td>Dr. Juan Antonio P\u00e9rez, Dr. Miguel A. Maldonado, Dr.&nbsp;Alexander Pyshchev<\/td><\/tr><tr><td>&#8211; Erick D. Gonz\u00e1lez Estrada<\/td><td>Dra. Graciela Astrid Reyes, Dra. Leticia A. Ram\u00edrez, Dr. Juan Mart\u00ednez.<\/td><\/tr><tr><td>&#8211; Samuel Carrillo Pi\u00f1\u00f3n<\/td><td>Dr. Santos Hern\u00e1ndez Hern\u00e1ndez, Dr. Daniel Duarte, Dr. Edwin Le\u00f3n Cardenal<\/td><\/tr><tr><td>&#8211; V\u00edctor H. Mart\u00ednez Espino<\/td><td>Dr. Alexander Pyshchev, Dr. Luis Manuel Rivera, Dr. Miguel A. Maldonado<\/td><\/tr><tr><td>&#8211; Betsy M. Licon Rodr\u00edguez<\/td><td>Dr. Luis Manuel Rivera Mart\u00ednez, Dr. Andr\u00e9s Daniel Duarte, Dr. Hern\u00e1n de Alba Casillas<\/td><\/tr><tr><td>&#8211; Paul V. Barajas Guzm\u00e1n<\/td><td>Dr. Andr\u00e9s Daniel Duarte, Dr. Santos Hern\u00e1ndez, Dr. Hern\u00e1n de Alba Casillas<\/td><\/tr><tr><td>&#8211; Aracely Isais G\u00f3mez<\/td><td>Dr. Hern\u00e1n de Alba Casillas, Dr. Daniel Duarte, Dr. Edwin Le\u00f3n Cardenal<\/td><\/tr><tr><td>&#8211; Santino E. Ram\u00edrez Medrano<\/td><td>Dr. Jes\u00fas Lea\u00f1os, Dr. Luis Manuel Rivera Mart\u00ednez, Dr. Jos\u00e9 Manuel G\u00f3mez Soto<\/td><\/tr><tr><td>&#8211; Juan Omar G\u00f3mez Rodr\u00edguez<\/td><td>Dr. Alexander Pyshchev, Dr. Homero R. Gallegos Ruiz, Dr. Luis Manuel Rivera Mart\u00ednez<\/td><\/tr><tr><td>&#8211; Juan V\u00e1squez Aquino<\/td><td>Dr. Homero R. Gallegos Ruiz, Dr. Andr\u00e9s Daniel Duarte, Dr. Hern\u00e1n de Alba Casillas<\/td><\/tr><tr><td>&#8211; Ana Laura Trujillo Negrete<\/td><td>Dr. Jes\u00fas Lea\u00f1os, M. en C. \u00c9rika Rold\u00e1n Roa, Dr. Luis Manuel Rivera Mart\u00ednez, Dr. Hern\u00e1n de Alba, Dr. Alexander Pyshchev<\/td><\/tr><tr><td>&#8211; Ludwin A. Hern\u00e1ndez Basilio<\/td><td>Dr. Jes\u00fas Lea\u00f1os, Dr. Luis Manuel Rivera Mart\u00ednez, Dr. Hern\u00e1n de Alba<\/td><\/tr><tr><td>&#8211; Luguis de los Santos Ba\u00f1os<\/td><td>Dr. Alexander Pyshchev, Dr. Homero R. Gallegos, Dr. Santos Hern\u00e1ndez, Dra. Patricia Jim\u00e9nez Gallegos<\/td><\/tr><tr><td>&#8211; Viridiana Onofre Abarca<\/td><td>Dra. Martha Bernal Guill\u00e9n, Dr. Daniel Duarte, Dr. Homero Gallegos, Dr. Alexis Garc\u00eda Zamora<\/td><\/tr><\/tbody><\/table><\/figure>\n","protected":false},"excerpt":{"rendered":"<p>Una vez que un(a) estudiante ingresa al programa, el comit\u00e9 acad\u00e9mico de la maestr\u00eda le asigna un tutor.Las responsabilidades principales del tutor son: En cuanto el estudiante elige proyecto de tesis y asesor(es), el comit\u00e9 de seguimiento se modifica de &hellip; <a href=\"https:\/\/matematicas.reduaz.mx\/mae_mathe\/?page_id=41\">Continued<\/a><\/p>\n","protected":false},"author":1,"featured_media":0,"parent":0,"menu_order":0,"comment_status":"closed","ping_status":"closed","template":"","meta":{"kt_blocks_editor_width":"","footnotes":""},"class_list":["post-41","page","type-page","status-publish","hentry"],"_links":{"self":[{"href":"https:\/\/matematicas.reduaz.mx\/mae_mathe\/index.php?rest_route=\/wp\/v2\/pages\/41","targetHints":{"allow":["GET"]}}],"collection":[{"href":"https:\/\/matematicas.reduaz.mx\/mae_mathe\/index.php?rest_route=\/wp\/v2\/pages"}],"about":[{"href":"https:\/\/matematicas.reduaz.mx\/mae_mathe\/index.php?rest_route=\/wp\/v2\/types\/page"}],"author":[{"embeddable":true,"href":"https:\/\/matematicas.reduaz.mx\/mae_mathe\/index.php?rest_route=\/wp\/v2\/users\/1"}],"replies":[{"embeddable":true,"href":"https:\/\/matematicas.reduaz.mx\/mae_mathe\/index.php?rest_route=%2Fwp%2Fv2%2Fcomments&post=41"}],"version-history":[{"count":2,"href":"https:\/\/matematicas.reduaz.mx\/mae_mathe\/index.php?rest_route=\/wp\/v2\/pages\/41\/revisions"}],"predecessor-version":[{"id":44,"href":"https:\/\/matematicas.reduaz.mx\/mae_mathe\/index.php?rest_route=\/wp\/v2\/pages\/41\/revisions\/44"}],"wp:attachment":[{"href":"https:\/\/matematicas.reduaz.mx\/mae_mathe\/index.php?rest_route=%2Fwp%2Fv2%2Fmedia&parent=41"}],"curies":[{"name":"wp","href":"https:\/\/api.w.org\/{rel}","templated":true}]}}