{"id":225,"date":"2024-07-19T21:47:57","date_gmt":"2024-07-20T03:47:57","guid":{"rendered":"https:\/\/matematicas.reduaz.mx\/mae_mathe\/?page_id=225"},"modified":"2026-03-14T23:03:43","modified_gmt":"2026-03-15T05:03:43","slug":"miguel-a-maldonado","status":"publish","type":"page","link":"https:\/\/matematicas.reduaz.mx\/mae_mathe\/?page_id=225","title":{"rendered":"Miguel A. Maldonado Aguilar"},"content":{"rendered":"\n<p>Topolog\u00eda algebraica, topolog\u00eda aplicada, topolog\u00eda de bajas dimensiones.<\/p>\n\n\n<style>.kadence-column225_2c20f1-d8 > .kt-inside-inner-col,.kadence-column225_2c20f1-d8 > .kt-inside-inner-col:before{border-top-left-radius:0px;border-top-right-radius:0px;border-bottom-right-radius:0px;border-bottom-left-radius:0px;}.kadence-column225_2c20f1-d8 > .kt-inside-inner-col{column-gap:var(--global-kb-gap-sm, 1rem);}.kadence-column225_2c20f1-d8 > .kt-inside-inner-col{flex-direction:column;}.kadence-column225_2c20f1-d8 > .kt-inside-inner-col > .aligncenter{width:100%;}.kadence-column225_2c20f1-d8 > .kt-inside-inner-col:before{opacity:0.3;}.kadence-column225_2c20f1-d8{position:relative;}@media all and (max-width: 1024px){.kadence-column225_2c20f1-d8 > .kt-inside-inner-col{flex-direction:column;}}@media all and (max-width: 767px){.kadence-column225_2c20f1-d8 > .kt-inside-inner-col{flex-direction:column;}}<\/style>\n<div class=\"wp-block-kadence-column kadence-column225_2c20f1-d8\"><div class=\"kt-inside-inner-col\">\n<h2 class=\"wp-block-heading\">Formaci\u00f3n acad\u00e9mica<\/h2>\n\n\n\n<p><\/p>\n\n\n\n<ul class=\"wp-block-list\">\n<li>Posdoctorado en <a href=\"https:\/\/www.lmno.cnrs.fr\/\">Laboratoire de Math\u00e9matiques Nicolas Oresme<\/a> con John Guaschi.<\/li>\n\n\n\n<li>Doctorado en el <a href=\"https:\/\/www.math.cinvestav.mx\/\" data-type=\"link\" data-id=\"https:\/\/www.math.cinvestav.mx\/\">Dpto. de Matem\u00e1ticas<\/a>, del CINVESTAV-IPN; trabajo de tesis dirigido por Miguel A. Xicot\u00e9ncatl.<\/li>\n\n\n\n<li>Maestr\u00eda en el <a href=\"https:\/\/www.math.cinvestav.mx\/\" data-type=\"link\" data-id=\"https:\/\/www.math.cinvestav.mx\/\">Dpto. de Matem\u00e1ticas<\/a>, del CINVESTAV-IPN; trabajo de tesis dirigido por Guillermo Moreno.<\/li>\n\n\n\n<li>Licenciatura en Matem\u00e1ticas en la <a href=\"https:\/\/ciencias.uaemex.mx\/\" data-type=\"link\" data-id=\"https:\/\/ciencias.uaemex.mx\/\">Fac. de Ciencias<\/a> de la UAEMex; trabajo de tesis dirigido por Jes\u00fas Gonz\u00e1lez.<\/li>\n<\/ul>\n<\/div><\/div>\n\n\n<style>.kb-row-layout-id225_d5d3bb-f3 > .kt-row-column-wrap{align-content:start;}:where(.kb-row-layout-id225_d5d3bb-f3 > .kt-row-column-wrap) > .wp-block-kadence-column{justify-content:start;}.kb-row-layout-id225_d5d3bb-f3 > .kt-row-column-wrap{column-gap:var(--global-kb-gap-md, 2rem);row-gap:var(--global-kb-gap-md, 2rem);padding-top:var(--global-kb-spacing-sm, 1.5rem);padding-bottom:var(--global-kb-spacing-sm, 1.5rem);grid-template-columns:minmax(0, 1fr);}.kb-row-layout-id225_d5d3bb-f3 > .kt-row-layout-overlay{opacity:0.30;}@media all and (max-width: 1024px){.kb-row-layout-id225_d5d3bb-f3 > .kt-row-column-wrap{grid-template-columns:minmax(0, 1fr);}}@media all and (max-width: 767px){.kb-row-layout-id225_d5d3bb-f3 > .kt-row-column-wrap{grid-template-columns:minmax(0, 1fr);}}<\/style><div class=\"kb-row-layout-wrap kb-row-layout-id225_d5d3bb-f3 alignnone wp-block-kadence-rowlayout\"><div class=\"kt-row-column-wrap kt-has-1-columns kt-row-layout-equal kt-tab-layout-inherit kt-mobile-layout-row kt-row-valign-top\">\n<style>.kadence-column225_ad609a-d6 > .kt-inside-inner-col,.kadence-column225_ad609a-d6 > .kt-inside-inner-col:before{border-top-left-radius:0px;border-top-right-radius:0px;border-bottom-right-radius:0px;border-bottom-left-radius:0px;}.kadence-column225_ad609a-d6 > .kt-inside-inner-col{column-gap:var(--global-kb-gap-sm, 1rem);}.kadence-column225_ad609a-d6 > .kt-inside-inner-col{flex-direction:column;}.kadence-column225_ad609a-d6 > .kt-inside-inner-col > .aligncenter{width:100%;}.kadence-column225_ad609a-d6 > .kt-inside-inner-col:before{opacity:0.3;}.kadence-column225_ad609a-d6{position:relative;}@media all and (max-width: 1024px){.kadence-column225_ad609a-d6 > .kt-inside-inner-col{flex-direction:column;}}@media all and (max-width: 767px){.kadence-column225_ad609a-d6 > .kt-inside-inner-col{flex-direction:column;}}<\/style>\n<div class=\"wp-block-kadence-column kadence-column225_ad609a-d6\"><div class=\"kt-inside-inner-col\">\n<figure class=\"wp-block-image size-large\"><img loading=\"lazy\" decoding=\"async\" width=\"1024\" height=\"320\" src=\"https:\/\/matematicas.reduaz.mx\/mae_mathe\/wp-content\/uploads\/2024\/06\/Image-5-1-1024x320.jpeg\" alt=\"\" class=\"wp-image-208\" srcset=\"https:\/\/matematicas.reduaz.mx\/mae_mathe\/wp-content\/uploads\/2024\/06\/Image-5-1-1024x320.jpeg 1024w, https:\/\/matematicas.reduaz.mx\/mae_mathe\/wp-content\/uploads\/2024\/06\/Image-5-1-300x94.jpeg 300w, https:\/\/matematicas.reduaz.mx\/mae_mathe\/wp-content\/uploads\/2024\/06\/Image-5-1-768x240.jpeg 768w, https:\/\/matematicas.reduaz.mx\/mae_mathe\/wp-content\/uploads\/2024\/06\/Image-5-1-1536x480.jpeg 1536w, https:\/\/matematicas.reduaz.mx\/mae_mathe\/wp-content\/uploads\/2024\/06\/Image-5-1.jpeg 1600w\" sizes=\"auto, (max-width: 1024px) 100vw, 1024px\" \/><\/figure>\n<\/div><\/div>\n\n<\/div><\/div>\n\n\n<h2 class=\"wp-block-heading\">Publicaciones<\/h2>\n\n\n\n<ul class=\"wp-block-list\">\n<li><em>Acerca de los diagramas de persistencia en el an\u00e1lisis topol\u00f3gico de datos<\/em>, con Claudia Vidales y \u00d3scar Torres. Texto sometido para su publicaci\u00f3n.<\/li>\n\n\n\n<li><em>Realizaci\u00f3n de anillos polinomiales a trav\u00e9s del homomorfismo transfer<\/em>, con Sof\u0131\u0301a Ibarra. Morfismos Vol. 25, No. 2, 2022.<\/li>\n\n\n\n<li><em>On the cohomology of the mapping class group of the punctured real projective plane<\/em>, con Miguel Xicot\u00e9ncatl-Merino. The Quarterly Journal of Mathematics, v.71, 2, 2020, 539-555.<\/li>\n\n\n\n<li><em><a href=\"https:\/\/topologia-general.github.io\/\" data-type=\"link\" data-id=\"https:\/\/topologia-general.github.io\/\">Invitaci\u00f3n a la topolog\u00eda general<\/a><\/em>, con Juan Carlos Ponce; libro electr\u00f3nico, 2022.<\/li>\n\n\n\n<li><em>Embeddings and the (virtual) cohomological dimension of the braid and mapping class groups of surfaces<\/em>, con John Guaschi, Daciberg Goncalvez. Confluentes Mathematici, tome 10, 2018, 41-61.<\/li>\n\n\n\n<li><\/li>\n<\/ul>\n\n\n\n<h2 class=\"wp-block-heading\">Tesis (co)-dirigidas<\/h2>\n\n\n\n<ul class=\"wp-block-list\">\n<li><em>Cohomolog\u00eda de grupos y un problema de clasificaci\u00f3n de haces<\/em>, tesis de licenciatura, 2026.<\/li>\n\n\n\n<li><em>Superficies de Riemann, cohomolog\u00eda de gavillas y sistemas integrables<\/em>, tesis de licenciatura, 2025; en co-direcci\u00f3n con Miguel A. Xicot\u00e9ncatl.<\/li>\n\n\n\n<li><em>Homolog\u0131\u0301a persistente, una introducci\u00f3n al an\u00e1lisis topol\u00f3gico de datos<\/em>, tesis de licenciatura, 2024; en co-direcci\u00f3n con Claudia Vidales.<\/li>\n\n\n\n<li><em>An\u00e1lisis topol\u00f3gico de una nube de datos<\/em>, tesis de maestr\u00eda, 2023; en co-direcci\u00f3n con Miguel A. Xicot\u00e9ncatl.<\/li>\n\n\n\n<li><em>La clase Berstein de un grupo discreto<\/em>, tesis de maestr\u00eda, 2022.<\/li>\n\n\n\n<li><em>Espacios de configuraciones discretizados<\/em>, tesis de licenciatura, 2021.<\/li>\n\n\n\n<li><em>Realizaci\u00f3n de anillos polinomiales a trav\u00e9s del homomorfismo transfer<\/em>, tesis de licenciatura, 2021.<\/li>\n<\/ul>\n\n\n\n<h2 class=\"wp-block-heading\"><a href=\"https:\/\/matematicas.reduaz.mx\/mae_mathe\/?page_id=242\">Cursos<\/a><\/h2>\n\n\n\n<figure class=\"wp-block-image size-large\"><img loading=\"lazy\" decoding=\"async\" width=\"1024\" height=\"195\" src=\"https:\/\/matematicas.reduaz.mx\/mae_mathe\/wp-content\/uploads\/2024\/08\/Captura-desde-2024-08-27-18-36-37-1024x195.png\" alt=\"\" class=\"wp-image-249\" srcset=\"https:\/\/matematicas.reduaz.mx\/mae_mathe\/wp-content\/uploads\/2024\/08\/Captura-desde-2024-08-27-18-36-37-1024x195.png 1024w, https:\/\/matematicas.reduaz.mx\/mae_mathe\/wp-content\/uploads\/2024\/08\/Captura-desde-2024-08-27-18-36-37-300x57.png 300w, https:\/\/matematicas.reduaz.mx\/mae_mathe\/wp-content\/uploads\/2024\/08\/Captura-desde-2024-08-27-18-36-37-768x146.png 768w, https:\/\/matematicas.reduaz.mx\/mae_mathe\/wp-content\/uploads\/2024\/08\/Captura-desde-2024-08-27-18-36-37.png 1046w\" sizes=\"auto, (max-width: 1024px) 100vw, 1024px\" \/><\/figure>\n","protected":false},"excerpt":{"rendered":"<p>Topolog\u00eda algebraica, topolog\u00eda aplicada, topolog\u00eda de bajas dimensiones. Formaci\u00f3n acad\u00e9mica Publicaciones Tesis (co)-dirigidas Cursos<\/p>\n","protected":false},"author":3,"featured_media":0,"parent":0,"menu_order":0,"comment_status":"closed","ping_status":"closed","template":"","meta":{"kt_blocks_editor_width":"","footnotes":""},"class_list":["post-225","page","type-page","status-publish","hentry"],"_links":{"self":[{"href":"https:\/\/matematicas.reduaz.mx\/mae_mathe\/index.php?rest_route=\/wp\/v2\/pages\/225","targetHints":{"allow":["GET"]}}],"collection":[{"href":"https:\/\/matematicas.reduaz.mx\/mae_mathe\/index.php?rest_route=\/wp\/v2\/pages"}],"about":[{"href":"https:\/\/matematicas.reduaz.mx\/mae_mathe\/index.php?rest_route=\/wp\/v2\/types\/page"}],"author":[{"embeddable":true,"href":"https:\/\/matematicas.reduaz.mx\/mae_mathe\/index.php?rest_route=\/wp\/v2\/users\/3"}],"replies":[{"embeddable":true,"href":"https:\/\/matematicas.reduaz.mx\/mae_mathe\/index.php?rest_route=%2Fwp%2Fv2%2Fcomments&post=225"}],"version-history":[{"count":13,"href":"https:\/\/matematicas.reduaz.mx\/mae_mathe\/index.php?rest_route=\/wp\/v2\/pages\/225\/revisions"}],"predecessor-version":[{"id":379,"href":"https:\/\/matematicas.reduaz.mx\/mae_mathe\/index.php?rest_route=\/wp\/v2\/pages\/225\/revisions\/379"}],"wp:attachment":[{"href":"https:\/\/matematicas.reduaz.mx\/mae_mathe\/index.php?rest_route=%2Fwp%2Fv2%2Fmedia&parent=225"}],"curies":[{"name":"wp","href":"https:\/\/api.w.org\/{rel}","templated":true}]}}