{"id":2,"date":"2023-10-31T19:34:40","date_gmt":"2023-10-31T19:34:40","guid":{"rendered":"https:\/\/matematicas.reduaz.mx\/mae_mathe\/?page_id=2"},"modified":"2025-11-01T17:30:53","modified_gmt":"2025-11-01T23:30:53","slug":"pagina-ejemplo","status":"publish","type":"page","link":"https:\/\/matematicas.reduaz.mx\/mae_mathe\/","title":{"rendered":"Bienvenidos a la Maestr\u00eda en Matem\u00e1ticas B\u00e1sicas"},"content":{"rendered":"\n<h2 class=\"wp-block-heading\">Perfil de ingreso<\/h2>\n\n\n\n<p>El programa est\u00e1 dirigido a egresados de licenciaturas en matem\u00e1ticas o en \u00e1reas afines (f\u00edsica, ingenier\u00edas, etc.) que tengan inter\u00e9s en desarrollar investigaci\u00f3n en matem\u00e1ticas b\u00e1sicas. Los aspirantes deber\u00e1n contar con la capacidad para leer, comprender, analizar y exponer textos matem\u00e1ticos especializados en idioma ingl\u00e9s. Asimismo, se espera que los estudiantes admitidos se conduzcan en todo momento con \u00e9tica, responsabilidad y honestidad acad\u00e9mica.<\/p>\n\n\n\n<p>Del mismo modo se requerir\u00e1 que el aspirante tenga habilidades en la redacci\u00f3n de soluciones a problemas de matem\u00e1ticas y entienda la estructura de una demostraci\u00f3n matem\u00e1tica<\/p>\n\n\n\n<h2 class=\"wp-block-heading\">Perfil de egreso<\/h2>\n\n\n\n<p>Profesionales con un s\u00f3lido conocimiento de las \u00e1reas fundamentales de las matem\u00e1ticas modernas: estructuras algebraicas, an\u00e1lisis real y complejo, topolog\u00eda, matem\u00e1ticas discretas; y con una clara vocaci\u00f3n hacia alg\u00fan \u00e1rea m\u00e1s espec\u00edfica y avanzada de las matem\u00e1ticas como el algebra conmutativa, combinatoria algebraica, geometr\u00eda algebraica, temas avanzados de la variable compleja, an\u00e1lisis funcional, teor\u00eda de representaciones, teor\u00eda algebraica y anal\u00edtica de los n\u00fameros, teor\u00eda de gr\u00e1ficas, sistemas din\u00e1micos, topolog\u00eda algebraica, etc.<\/p>\n\n\n\n<p>Nuestros egresados tendr\u00e1n la capacidad de impartir cursos de calidad tanto en programas de licenciatura en matem\u00e1ticas u otros afines como en maestr\u00edas en matem\u00e1ticas.<\/p>\n\n\n\n<p>Adem\u00e1s, estar\u00e1n capacitados para estudiar independientemente temas de avanzada en las matem\u00e1ticas modernas y comenzar trabajos de investigaci\u00f3n y eventualmente realizar un doctorado en matem\u00e1ticas b\u00e1sicas o alg\u00fan tema af\u00edn<\/p>\n","protected":false},"excerpt":{"rendered":"<p>Perfil de ingreso El programa est\u00e1 dirigido a egresados de licenciaturas en matem\u00e1ticas o en \u00e1reas afines (f\u00edsica, ingenier\u00edas, etc.) que tengan inter\u00e9s en desarrollar investigaci\u00f3n en matem\u00e1ticas b\u00e1sicas. Los aspirantes deber\u00e1n contar con la capacidad para leer, comprender, analizar &hellip; <a href=\"https:\/\/matematicas.reduaz.mx\/mae_mathe\/\">Continued<\/a><\/p>\n","protected":false},"author":1,"featured_media":0,"parent":0,"menu_order":0,"comment_status":"closed","ping_status":"open","template":"","meta":{"kt_blocks_editor_width":"","footnotes":""},"class_list":["post-2","page","type-page","status-publish","hentry"],"_links":{"self":[{"href":"https:\/\/matematicas.reduaz.mx\/mae_mathe\/index.php?rest_route=\/wp\/v2\/pages\/2","targetHints":{"allow":["GET"]}}],"collection":[{"href":"https:\/\/matematicas.reduaz.mx\/mae_mathe\/index.php?rest_route=\/wp\/v2\/pages"}],"about":[{"href":"https:\/\/matematicas.reduaz.mx\/mae_mathe\/index.php?rest_route=\/wp\/v2\/types\/page"}],"author":[{"embeddable":true,"href":"https:\/\/matematicas.reduaz.mx\/mae_mathe\/index.php?rest_route=\/wp\/v2\/users\/1"}],"replies":[{"embeddable":true,"href":"https:\/\/matematicas.reduaz.mx\/mae_mathe\/index.php?rest_route=%2Fwp%2Fv2%2Fcomments&post=2"}],"version-history":[{"count":3,"href":"https:\/\/matematicas.reduaz.mx\/mae_mathe\/index.php?rest_route=\/wp\/v2\/pages\/2\/revisions"}],"predecessor-version":[{"id":367,"href":"https:\/\/matematicas.reduaz.mx\/mae_mathe\/index.php?rest_route=\/wp\/v2\/pages\/2\/revisions\/367"}],"wp:attachment":[{"href":"https:\/\/matematicas.reduaz.mx\/mae_mathe\/index.php?rest_route=%2Fwp%2Fv2%2Fmedia&parent=2"}],"curies":[{"name":"wp","href":"https:\/\/api.w.org\/{rel}","templated":true}]}}